{"id":4527,"date":"2022-06-28T13:55:52","date_gmt":"2022-06-28T13:55:52","guid":{"rendered":"https:\/\/mabuko.co.mz\/?post_type=product&#038;p=4527"},"modified":"2022-12-22T09:32:12","modified_gmt":"2022-12-22T09:32:12","slug":"filhas-de-uma-nova-era","status":"publish","type":"product","link":"https:\/\/mabuko.co.mz\/site\/?product=filhas-de-uma-nova-era","title":{"rendered":"FILHAS DE UMA NOVA ERA"},"content":{"rendered":"<p>Carmen Korn<\/p>\n<p>9789897774492<\/p>\n","protected":false},"excerpt":{"rendered":"<p><strong>SINOPSE<\/strong><\/p>\n<p>A hist\u00f3ria emocionante de quatro mulheres que enfrentam juntas as suas pr\u00f3prias batalhas Hamburgo, 1919. A Primeira Guerra Mundial acabou e a cidade come\u00e7a agora, finalmente, a despertar.<\/p>\n<p>Henny e K\u00e4the, amigas desde a inf\u00e2ncia, sonham tornar-se parteiras e acabam de iniciar a sua forma\u00e7\u00e3o. Henny deseja deixar de viver na sombra da m\u00e3e, e a rebelde K\u00e4the, convicta comunista, est\u00e1 apaixonada por um jovem poeta.<br \/>\nOutras duas mulheres se cruzar\u00e3o nos seus caminhos: Ida, rica e mimada, filha de um importante empres\u00e1rio falido que pretende cas\u00e1-la com um herdeiro rico; e Lina, uma jovem e humilde professora, que guarda um segredo do passado.<\/p>\n<p>As quatro amigas tornam-se insepar\u00e1veis e, apesar das suas diferen\u00e7as, crescem e enfrentam juntas os golpes e as alegrias do destino, a transforma\u00e7\u00e3o do mundo, o fim das liberdades e a chegada da terr\u00edvel amea\u00e7a nazi.<br \/>\nGrandes e pequenos feitos que ficar\u00e3o para sempre ligados pelo elo da amizade.<\/p>\n<p><i>Filhas de uma Nova Era<\/i>\u00a0\u00e9 a primeira parte de uma emocionante saga sobre liberdade, amor e coragem que atrav\u00e9s de uma gera\u00e7\u00e3o de mulheres que n\u00e3o se deixou arrastar pelas circunst\u00e2ncias que lhes calharam em sorte, nos narra a fascinante hist\u00f3ria do s\u00e9culo XX.<\/p>\n","protected":false},"featured_media":4528,"template":"","meta":{"_monsterinsights_skip_tracking":false,"_monsterinsights_sitenote_active":false,"_monsterinsights_sitenote_note":"","_monsterinsights_sitenote_category":0},"product_cat":[103,105],"product_tag":[],"class_list":{"0":"post-4527","1":"product","2":"type-product","3":"status-publish","4":"has-post-thumbnail","6":"product_cat-literatura","7":"product_cat-romance","8":"pa_book-author-carmen-korn","10":"first","11":"instock","12":"shipping-taxable","13":"purchasable","14":"product-type-simple"},"_links":{"self":[{"href":"https:\/\/mabuko.co.mz\/site\/index.php?rest_route=\/wp\/v2\/product\/4527","targetHints":{"allow":["GET"]}}],"collection":[{"href":"https:\/\/mabuko.co.mz\/site\/index.php?rest_route=\/wp\/v2\/product"}],"about":[{"href":"https:\/\/mabuko.co.mz\/site\/index.php?rest_route=\/wp\/v2\/types\/product"}],"wp:featuredmedia":[{"embeddable":true,"href":"https:\/\/mabuko.co.mz\/site\/index.php?rest_route=\/wp\/v2\/media\/4528"}],"wp:attachment":[{"href":"https:\/\/mabuko.co.mz\/site\/index.php?rest_route=%2Fwp%2Fv2%2Fmedia&parent=4527"}],"wp:term":[{"taxonomy":"product_cat","embeddable":true,"href":"https:\/\/mabuko.co.mz\/site\/index.php?rest_route=%2Fwp%2Fv2%2Fproduct_cat&post=4527"},{"taxonomy":"product_tag","embeddable":true,"href":"https:\/\/mabuko.co.mz\/site\/index.php?rest_route=%2Fwp%2Fv2%2Fproduct_tag&post=4527"}],"curies":[{"name":"wp","href":"https:\/\/api.w.org\/{rel}","templated":true}]}}