{"id":4525,"date":"2022-06-28T13:49:30","date_gmt":"2022-06-28T13:49:30","guid":{"rendered":"https:\/\/mabuko.co.mz\/?post_type=product&#038;p=4525"},"modified":"2022-12-22T09:40:08","modified_gmt":"2022-12-22T09:40:08","slug":"pensa-como-um-monge","status":"publish","type":"product","link":"https:\/\/mabuko.co.mz\/site\/?product=pensa-como-um-monge","title":{"rendered":"PENSA COMO UM MONGE"},"content":{"rendered":"<p>Jay Shetty<\/p>\n<p>9789897390890<\/p>\n","protected":false},"excerpt":{"rendered":"<div id=\"productPageSectionAboutBook-sinopseTitle\" class=\"right-title\"><strong>SINOPSE<\/strong><\/div>\n<div><\/div>\n<div id=\"productPageSectionAboutBook-sinopse\" class=\"right-text\">\n<p>Jay Shetty, famoso palestrante internacional e apresentador do c\u00e9lebre\u00a0<em>podcast<\/em>,\u00a0<em>On Purpose<\/em>, cresceu numa fam\u00edlia onde era suposto ser m\u00e9dico, advogado ou falhado. A fam\u00edlia estava convencida de que Jay escolhera a terceira op\u00e7\u00e3o. Em vez de participar na cerim\u00f3nia de licenciatura, decidiu ir para a \u00cdndia e tornar-se monge, meditando todos os dias durante v\u00e1rias horas e dedicando a vida a ajudar os outros. Ao fim de tr\u00eas anos, um dos seus mestres disse-lhe que teria mais impacto no mundo se abandonasse a vida de monge e partilhasse a sua experi\u00eancia e sabedoria com os outros.<br \/>\nSeriamente endividado e sem compet\u00eancias concretas no curr\u00edculo, voltou para casa dos pais. Reencontrou-se com velhos amigos &#8211; muitos dos quais ocupavam j\u00e1 cargos em grandes empresas &#8211; que estavam a passar por experi\u00eancias terr\u00edveis de\u00a0<em>stress<\/em>, press\u00e3o e infelicidade. Foram eles que lhe pediram que os guiasse em direc\u00e7\u00e3o ao bem-estar e ao <em>mindfulness<\/em>, na tentativa de encontrarem o seu prop\u00f3sito de vida.<br \/>\nNeste livro profundamente inspirador, Shetty alia a sabedoria milenar \u00e0 sua experi\u00eancia no\u00a0<em>ashram<\/em>, apresentando conselhos e exerc\u00edcios que todos podemos usar para ter uma vida menos ansiosa e com mais significado. O autor prova-nos que toda a gente pode &#8211; e deve &#8211; pensar como um monge.<\/p>\n<\/div>\n","protected":false},"featured_media":4526,"template":"","meta":{"_monsterinsights_skip_tracking":false,"_monsterinsights_sitenote_active":false,"_monsterinsights_sitenote_note":"","_monsterinsights_sitenote_category":0},"product_cat":[108,233],"product_tag":[],"class_list":{"0":"post-4525","1":"product","2":"type-product","3":"status-publish","4":"has-post-thumbnail","6":"product_cat-auto-ajuda","7":"product_cat-livros-praticos","8":"pa_book-author-jay-shetty","10":"first","11":"instock","12":"shipping-taxable","13":"purchasable","14":"product-type-simple"},"_links":{"self":[{"href":"https:\/\/mabuko.co.mz\/site\/index.php?rest_route=\/wp\/v2\/product\/4525","targetHints":{"allow":["GET"]}}],"collection":[{"href":"https:\/\/mabuko.co.mz\/site\/index.php?rest_route=\/wp\/v2\/product"}],"about":[{"href":"https:\/\/mabuko.co.mz\/site\/index.php?rest_route=\/wp\/v2\/types\/product"}],"wp:featuredmedia":[{"embeddable":true,"href":"https:\/\/mabuko.co.mz\/site\/index.php?rest_route=\/wp\/v2\/media\/4526"}],"wp:attachment":[{"href":"https:\/\/mabuko.co.mz\/site\/index.php?rest_route=%2Fwp%2Fv2%2Fmedia&parent=4525"}],"wp:term":[{"taxonomy":"product_cat","embeddable":true,"href":"https:\/\/mabuko.co.mz\/site\/index.php?rest_route=%2Fwp%2Fv2%2Fproduct_cat&post=4525"},{"taxonomy":"product_tag","embeddable":true,"href":"https:\/\/mabuko.co.mz\/site\/index.php?rest_route=%2Fwp%2Fv2%2Fproduct_tag&post=4525"}],"curies":[{"name":"wp","href":"https:\/\/api.w.org\/{rel}","templated":true}]}}