{"id":4516,"date":"2022-06-28T13:16:02","date_gmt":"2022-06-28T13:16:02","guid":{"rendered":"https:\/\/mabuko.co.mz\/?post_type=product&#038;p=4516"},"modified":"2022-12-22T09:53:40","modified_gmt":"2022-12-22T09:53:40","slug":"foste-a-maneira-mais-bonita-de-errar","status":"publish","type":"product","link":"https:\/\/mabuko.co.mz\/site\/?product=foste-a-maneira-mais-bonita-de-errar","title":{"rendered":"FOSTE A MANEIRA MAIS BONITA DE ERRAR"},"content":{"rendered":"<p>Pedro Chagas Freitas<\/p>\n<p>9789896609986<\/p>\n","protected":false},"excerpt":{"rendered":"<div id=\"productPageSectionAboutBook-sinopseTitle\" class=\"right-title\"><strong>SINOPSE<\/strong><\/div>\n<div id=\"productPageSectionAboutBook-sinopse\" class=\"right-text\">\n<p>Mais do que um romance, este livro \u00e9 uma li\u00e7\u00e3o de vida, contada no estilo \u00fanico de Pedro Chagas Freitas, que parece sussurrar-nos ao ouvido.<\/p>\n<p>Uma hist\u00f3ria incr\u00edvel, viciante e comovente, que nos mostra a import\u00e2ncia do amor e de nunca deixarmos de sermos quem somos.<\/p>\n<\/div>\n","protected":false},"featured_media":4517,"template":"","meta":{"_monsterinsights_skip_tracking":false,"_monsterinsights_sitenote_active":false,"_monsterinsights_sitenote_note":"","_monsterinsights_sitenote_category":0},"product_cat":[103,212],"product_tag":[],"class_list":{"0":"post-4516","1":"product","2":"type-product","3":"status-publish","4":"has-post-thumbnail","6":"product_cat-literatura","7":"product_cat-prosa-narrativa","8":"pa_book-author-pedro-chagas-freitas","10":"first","11":"instock","12":"shipping-taxable","13":"purchasable","14":"product-type-simple"},"_links":{"self":[{"href":"https:\/\/mabuko.co.mz\/site\/index.php?rest_route=\/wp\/v2\/product\/4516","targetHints":{"allow":["GET"]}}],"collection":[{"href":"https:\/\/mabuko.co.mz\/site\/index.php?rest_route=\/wp\/v2\/product"}],"about":[{"href":"https:\/\/mabuko.co.mz\/site\/index.php?rest_route=\/wp\/v2\/types\/product"}],"wp:featuredmedia":[{"embeddable":true,"href":"https:\/\/mabuko.co.mz\/site\/index.php?rest_route=\/wp\/v2\/media\/4517"}],"wp:attachment":[{"href":"https:\/\/mabuko.co.mz\/site\/index.php?rest_route=%2Fwp%2Fv2%2Fmedia&parent=4516"}],"wp:term":[{"taxonomy":"product_cat","embeddable":true,"href":"https:\/\/mabuko.co.mz\/site\/index.php?rest_route=%2Fwp%2Fv2%2Fproduct_cat&post=4516"},{"taxonomy":"product_tag","embeddable":true,"href":"https:\/\/mabuko.co.mz\/site\/index.php?rest_route=%2Fwp%2Fv2%2Fproduct_tag&post=4516"}],"curies":[{"name":"wp","href":"https:\/\/api.w.org\/{rel}","templated":true}]}}