{"id":4514,"date":"2022-06-28T13:10:11","date_gmt":"2022-06-28T13:10:11","guid":{"rendered":"https:\/\/mabuko.co.mz\/?post_type=product&#038;p=4514"},"modified":"2022-12-22T09:55:34","modified_gmt":"2022-12-22T09:55:34","slug":"a-noite-em-que-o-verao-acabou","status":"publish","type":"product","link":"https:\/\/mabuko.co.mz\/site\/?product=a-noite-em-que-o-verao-acabou","title":{"rendered":"A NOITE EM QUE O VER\u00c3O ACABOU"},"content":{"rendered":"<p>Jo\u00e3o Tordo<\/p>\n<p>9789896659127<\/p>\n","protected":false},"excerpt":{"rendered":"<p><strong>SINOPSE<\/strong><\/p>\n<p>14 de Setembro de 1998. O dia em que Chatlam, uma pequena vila americana, acordou em choque com o homic\u00eddio de Noah Walsh. O principal suspeito: a sua filha de dezasseis anos.<\/p>\n<p>No Ver\u00e3o de 1987, o adolescente Pedro Taborda apaixona-se por Laura Walsh, a filha mais velha de um magnata nova-iorquino. Ela e Levi &#8211; uma crian\u00e7a misteriosa &#8211; passam f\u00e9rias com os pais no Lagoeiro, uma pacata cidade algarvia. Rica e moderna, a fam\u00edlia Walsh tem tudo para dar muito nas vistas no sul de Portugal. Inebriado pelas formas perfeitas e pelos modos ousados de Laura, Pedro encontra na rapariga americana o seu primeiro amor. Mas quando o Ver\u00e3o acaba, a fam\u00edlia Walsh regressa aos Estados Unidos e o destino fica por cumprir.<\/p>\n<p>Dez anos depois, Pedro, decidido a tornar-se escritor, vai estudar para Nova-Iorque. Fascinado com Gary List, antigo prod\u00edgio das letras americanas, chega aos Estados Unidos determinado a perseguir os sonhos da juventude. Ao reencontrar Laura, est\u00e1 longe de suspeitar que esse acaso o mergulhar\u00e1 no crime mais falado dos anos noventa, o homic\u00eddio do milion\u00e1rio Noah Walsh.<\/p>\n<p>Com um segundo homic\u00eddio a atrapalhar a investiga\u00e7\u00e3o e uma corrida para salvar Levi, de apenas dezasseis anos, acusada de matar o pai, Pedro e Laura enredam-se irremediavelmente na teia de segredos que envolve a fam\u00edlia Walsh, desde os anos quarenta do s\u00e9culo XX at\u00e9 ao impens\u00e1vel desfecho nas primeiras d\u00e9cadas do novo mil\u00e9nio.<\/p>\n<p>Porque em Chatlam &#8211; e neste thriller impar\u00e1vel &#8211; nada \u00e9 o que parece.<\/p>\n<p><em>O QUE ESCONDE LEVI WALSH?<\/em><\/p>\n","protected":false},"featured_media":4515,"template":"","meta":{"_monsterinsights_skip_tracking":false,"_monsterinsights_sitenote_active":false,"_monsterinsights_sitenote_note":"","_monsterinsights_sitenote_category":0},"product_cat":[103,105,131],"product_tag":[],"class_list":{"0":"post-4514","1":"product","2":"type-product","3":"status-publish","4":"has-post-thumbnail","6":"product_cat-literatura","7":"product_cat-romance","8":"product_cat-thriller","9":"pa_book-author-joao-tordo","11":"first","12":"instock","13":"shipping-taxable","14":"purchasable","15":"product-type-simple"},"_links":{"self":[{"href":"https:\/\/mabuko.co.mz\/site\/index.php?rest_route=\/wp\/v2\/product\/4514","targetHints":{"allow":["GET"]}}],"collection":[{"href":"https:\/\/mabuko.co.mz\/site\/index.php?rest_route=\/wp\/v2\/product"}],"about":[{"href":"https:\/\/mabuko.co.mz\/site\/index.php?rest_route=\/wp\/v2\/types\/product"}],"wp:featuredmedia":[{"embeddable":true,"href":"https:\/\/mabuko.co.mz\/site\/index.php?rest_route=\/wp\/v2\/media\/4515"}],"wp:attachment":[{"href":"https:\/\/mabuko.co.mz\/site\/index.php?rest_route=%2Fwp%2Fv2%2Fmedia&parent=4514"}],"wp:term":[{"taxonomy":"product_cat","embeddable":true,"href":"https:\/\/mabuko.co.mz\/site\/index.php?rest_route=%2Fwp%2Fv2%2Fproduct_cat&post=4514"},{"taxonomy":"product_tag","embeddable":true,"href":"https:\/\/mabuko.co.mz\/site\/index.php?rest_route=%2Fwp%2Fv2%2Fproduct_tag&post=4514"}],"curies":[{"name":"wp","href":"https:\/\/api.w.org\/{rel}","templated":true}]}}