{"id":4511,"date":"2022-06-28T13:00:33","date_gmt":"2022-06-28T13:00:33","guid":{"rendered":"https:\/\/mabuko.co.mz\/?post_type=product&#038;p=4511"},"modified":"2022-12-22T09:59:11","modified_gmt":"2022-12-22T09:59:11","slug":"martine-e-o-gatinha-perdido","status":"publish","type":"product","link":"https:\/\/mabuko.co.mz\/site\/?product=martine-e-o-gatinha-perdido","title":{"rendered":"MARTINE E O GATINHO PERDIDO"},"content":{"rendered":"<p>Gilbert Delahaye<\/p>\n<p>9789896487805<\/p>\n","protected":false},"excerpt":{"rendered":"<div id=\"productPageSectionAboutBook-sinopseTitle\" class=\"right-title\"><strong>SINOPSE<\/strong><\/div>\n<div id=\"productPageSectionAboutBook-sinopse\" class=\"right-text\">\n<p>Quando fez anos, a Martine recebeu um di\u00e1rio. Ela ficou t\u00e3o contente que, todos os dias, escreve para contar o que lhe aconteceu: o piquenique com o Jo\u00e3o, a boleia no barco do av\u00f4 e at\u00e9 quando encontraram uma gatinha gr\u00e1vida junto ao rio. Ela d\u00e1 \u00e0 luz cinco gatinhos, mas um deles desaparece&#8230; Ser\u00e1 que o v\u00e3o encontrar? A colec\u00e7\u00e3o \u00abMartine\u00bb passa de m\u00e3o em m\u00e3o desde h\u00e1 mais de 60 anos. N\u00e3o h\u00e1 m\u00e3e nem av\u00f3 que n\u00e3o a tenha lido, nem crian\u00e7a que n\u00e3o sonhe fazer parte da vida da Martine.<\/p>\n<\/div>\n","protected":false},"featured_media":4513,"template":"","meta":{"_monsterinsights_skip_tracking":false,"_monsterinsights_sitenote_active":false,"_monsterinsights_sitenote_note":"","_monsterinsights_sitenote_category":0},"product_cat":[135],"product_tag":[],"class_list":{"0":"post-4511","1":"product","2":"type-product","3":"status-publish","4":"has-post-thumbnail","6":"product_cat-infantil","7":"pa_book-author-gilbert-delahaye","9":"first","10":"instock","11":"shipping-taxable","12":"purchasable","13":"product-type-simple"},"_links":{"self":[{"href":"https:\/\/mabuko.co.mz\/site\/index.php?rest_route=\/wp\/v2\/product\/4511","targetHints":{"allow":["GET"]}}],"collection":[{"href":"https:\/\/mabuko.co.mz\/site\/index.php?rest_route=\/wp\/v2\/product"}],"about":[{"href":"https:\/\/mabuko.co.mz\/site\/index.php?rest_route=\/wp\/v2\/types\/product"}],"wp:featuredmedia":[{"embeddable":true,"href":"https:\/\/mabuko.co.mz\/site\/index.php?rest_route=\/wp\/v2\/media\/4513"}],"wp:attachment":[{"href":"https:\/\/mabuko.co.mz\/site\/index.php?rest_route=%2Fwp%2Fv2%2Fmedia&parent=4511"}],"wp:term":[{"taxonomy":"product_cat","embeddable":true,"href":"https:\/\/mabuko.co.mz\/site\/index.php?rest_route=%2Fwp%2Fv2%2Fproduct_cat&post=4511"},{"taxonomy":"product_tag","embeddable":true,"href":"https:\/\/mabuko.co.mz\/site\/index.php?rest_route=%2Fwp%2Fv2%2Fproduct_tag&post=4511"}],"curies":[{"name":"wp","href":"https:\/\/api.w.org\/{rel}","templated":true}]}}