{"id":4505,"date":"2022-06-28T12:37:29","date_gmt":"2022-06-28T12:37:29","guid":{"rendered":"https:\/\/mabuko.co.mz\/?post_type=product&#038;p=4505"},"modified":"2023-02-14T12:44:11","modified_gmt":"2023-02-14T12:44:11","slug":"malibu-renasce","status":"publish","type":"product","link":"https:\/\/mabuko.co.mz\/site\/?product=malibu-renasce","title":{"rendered":"MALIBU RENASCE"},"content":{"rendered":"<p>Taylor Jenkins Reid<\/p>\n<p>9789896233907<\/p>\n","protected":false},"excerpt":{"rendered":"<div id=\"productPageSectionAboutBook-sinopseTitle\" class=\"right-title\"><strong>SINOPSE<\/strong><\/div>\n<div id=\"productPageSectionAboutBook-sinopse\" class=\"right-text\">\n<p>Malibu, 1983. Chegou o dia da festa de final de ver\u00e3o organizada todos os anos por Nina Riva, e n\u00e3o h\u00e1 ningu\u00e9m que n\u00e3o queira estar presente e conhecer pessoalmente os famosos irm\u00e3os Riva: a super modelo Nina, o surfista Jay, o fot\u00f3grafo Hud e a promissora Kit. Filhos do lend\u00e1rio cantor Mick Riva, h\u00e1 muito que os quatro exercem um enorme fasc\u00ednio, n\u00e3o s\u00f3 em Malibu mas um pouco por todo o mundo. Cada um dos irm\u00e3os tem as suas raz\u00f5es para ansiar pela festa, com excep\u00e7\u00e3o da pr\u00f3pria Nina, que nunca desejou ser o centro das aten\u00e7\u00f5es. E talvez de Hud, que tem algo a confessar. Jay, por outro lado, espera impacientemente por algu\u00e9m. e Kit decidiu tornar a noite especial. Por\u00e9m, nenhum deles poderia antecipar o desfecho daquela celebra\u00e7\u00e3o.<\/p>\n<p>A meio da noite, a festa estar\u00e1 completamente fora de controlo. Pela manh\u00e3, a mans\u00e3o de Nina estar\u00e1 irreconhec\u00edvel. Mas, at\u00e9 que isso aconte\u00e7a, haver\u00e1 \u00e1lcool a circular, m\u00fasica a soar bem alto e muita gente famosa animada naquela que se tornar\u00e1 a festa da d\u00e9cada. E no meio de todo esse burburinho ir\u00e3o ressurgir mem\u00f3rias e segredos que marcaram v\u00e1rias gera\u00e7\u00f5es da fam\u00edlia.<\/p>\n<\/div>\n","protected":false},"featured_media":4506,"template":"","meta":{"_monsterinsights_skip_tracking":false,"_monsterinsights_sitenote_active":false,"_monsterinsights_sitenote_note":"","_monsterinsights_sitenote_category":0},"product_cat":[103,105],"product_tag":[],"class_list":{"0":"post-4505","1":"product","2":"type-product","3":"status-publish","4":"has-post-thumbnail","6":"product_cat-literatura","7":"product_cat-romance","8":"pa_book-author-taylor-jenkins-reid","10":"first","11":"outofstock","12":"shipping-taxable","13":"purchasable","14":"product-type-simple"},"_links":{"self":[{"href":"https:\/\/mabuko.co.mz\/site\/index.php?rest_route=\/wp\/v2\/product\/4505","targetHints":{"allow":["GET"]}}],"collection":[{"href":"https:\/\/mabuko.co.mz\/site\/index.php?rest_route=\/wp\/v2\/product"}],"about":[{"href":"https:\/\/mabuko.co.mz\/site\/index.php?rest_route=\/wp\/v2\/types\/product"}],"wp:featuredmedia":[{"embeddable":true,"href":"https:\/\/mabuko.co.mz\/site\/index.php?rest_route=\/wp\/v2\/media\/4506"}],"wp:attachment":[{"href":"https:\/\/mabuko.co.mz\/site\/index.php?rest_route=%2Fwp%2Fv2%2Fmedia&parent=4505"}],"wp:term":[{"taxonomy":"product_cat","embeddable":true,"href":"https:\/\/mabuko.co.mz\/site\/index.php?rest_route=%2Fwp%2Fv2%2Fproduct_cat&post=4505"},{"taxonomy":"product_tag","embeddable":true,"href":"https:\/\/mabuko.co.mz\/site\/index.php?rest_route=%2Fwp%2Fv2%2Fproduct_tag&post=4505"}],"curies":[{"name":"wp","href":"https:\/\/api.w.org\/{rel}","templated":true}]}}