{"id":4503,"date":"2022-06-28T12:30:40","date_gmt":"2022-06-28T12:30:40","guid":{"rendered":"https:\/\/mabuko.co.mz\/?post_type=product&#038;p=4503"},"modified":"2022-12-22T10:11:29","modified_gmt":"2022-12-22T10:11:29","slug":"os-7-habitos-das-pessoas-altamente-eficazes","status":"publish","type":"product","link":"https:\/\/mabuko.co.mz\/site\/?product=os-7-habitos-das-pessoas-altamente-eficazes","title":{"rendered":"OS 7 H\u00c1BITOS DAS PESSOAS ALTAMENTE EFICAZES"},"content":{"rendered":"<p>Stephen R. Covey<\/p>\n<p>9789896165550<\/p>\n","protected":false},"excerpt":{"rendered":"<p><strong>SINOPSE<\/strong><\/p>\n<div>\n<p>Stephen R. Covey acredita que vencer ou fracassar \u00e9 resultado de sete h\u00e1bitos. S\u00e3o eles que distinguem as pessoas felizes, saud\u00e1veis e bem-sucedidas das fracassadas e daquelas que sacrificam o equil\u00edbrio interior e a felicidade para alcan\u00e7ar o \u00eaxito. Em Os 7 H\u00e1bitos das Pessoas Altamente Eficazes est\u00e3o contidos os princ\u00edpios fundamentais da efic\u00e1cia &#8211; sete h\u00e1bitos b\u00e1sicos e primordiais que representam a interioriza\u00e7\u00e3o dos princ\u00edpios correctos, nos quais se baseiam o sucesso e a felicidade duradoura.<\/p>\n<p>Em\u00a0<i>Os 7 H\u00e1bitos das Pessoas Altamente Eficazes<\/i> o autor apresenta uma abordagem global, integrada e centrada em princ\u00edpios simples para a resolu\u00e7\u00e3o de problemas pessoais e profissionais. Atrav\u00e9s de casos ilustrativos e ideias perspicazes, Stephen R. Covey mostra como acabar com o comportamento auto-destrutivo em casa e no trabalho e desvenda um caminho cont\u00ednuo rumo a uma vida pautada por princ\u00edpios de justi\u00e7a, integridade, solicitude e dignidade humana. O autor acredita que o verdadeiro sucesso assenta num equil\u00edbrio das efic\u00e1cias pessoal e profissional, e por isso este livro pretende ser um guia para obter melhor desempenho nessas duas \u00e1reas, recorrendo a exemplos tanto da vida familiar e da vida profissional.<\/p>\n<\/div>\n","protected":false},"featured_media":4504,"template":"","meta":{"_monsterinsights_skip_tracking":false,"_monsterinsights_sitenote_active":false,"_monsterinsights_sitenote_note":"","_monsterinsights_sitenote_category":0},"product_cat":[108],"product_tag":[],"class_list":{"0":"post-4503","1":"product","2":"type-product","3":"status-publish","4":"has-post-thumbnail","6":"product_cat-auto-ajuda","7":"pa_book-author-stephen-r-covey","9":"first","10":"outofstock","11":"shipping-taxable","12":"purchasable","13":"product-type-simple"},"_links":{"self":[{"href":"https:\/\/mabuko.co.mz\/site\/index.php?rest_route=\/wp\/v2\/product\/4503","targetHints":{"allow":["GET"]}}],"collection":[{"href":"https:\/\/mabuko.co.mz\/site\/index.php?rest_route=\/wp\/v2\/product"}],"about":[{"href":"https:\/\/mabuko.co.mz\/site\/index.php?rest_route=\/wp\/v2\/types\/product"}],"wp:featuredmedia":[{"embeddable":true,"href":"https:\/\/mabuko.co.mz\/site\/index.php?rest_route=\/wp\/v2\/media\/4504"}],"wp:attachment":[{"href":"https:\/\/mabuko.co.mz\/site\/index.php?rest_route=%2Fwp%2Fv2%2Fmedia&parent=4503"}],"wp:term":[{"taxonomy":"product_cat","embeddable":true,"href":"https:\/\/mabuko.co.mz\/site\/index.php?rest_route=%2Fwp%2Fv2%2Fproduct_cat&post=4503"},{"taxonomy":"product_tag","embeddable":true,"href":"https:\/\/mabuko.co.mz\/site\/index.php?rest_route=%2Fwp%2Fv2%2Fproduct_tag&post=4503"}],"curies":[{"name":"wp","href":"https:\/\/api.w.org\/{rel}","templated":true}]}}