{"id":4501,"date":"2022-06-28T12:17:43","date_gmt":"2022-06-28T12:17:43","guid":{"rendered":"https:\/\/mabuko.co.mz\/?post_type=product&#038;p=4501"},"modified":"2023-02-08T09:56:33","modified_gmt":"2023-02-08T09:56:33","slug":"o-capitao-cuecas-e-o-terrivel-regresso-do-professor-borracuecas","status":"publish","type":"product","link":"https:\/\/mabuko.co.mz\/site\/?product=o-capitao-cuecas-e-o-terrivel-regresso-do-professor-borracuecas","title":{"rendered":"O CAPIT\u00c3O CUECAS e o terr\u00edvel regresso do professor Borracuecas"},"content":{"rendered":"<p>Dav Pilkey<\/p>\n<p>9789896165505<\/p>\n","protected":false},"excerpt":{"rendered":"<p><strong>SINOPSE<\/strong><\/p>\n<p>O ESPERADO REGRESSO DO SUPER-HER\u00d3I QUE P\u00d5E MESMO OS MI\u00daDOS A LER O Cuecas est\u00e1 de volta e com um livro que vos vai deixar a saber como tudo come\u00e7ou! V\u00e3o assistir ao belo (iac!) in\u00edcio de amizade entre o Harold e o George que &#8211; imaginem! &#8211; se deu por causa de gasolina e decotes! E tamb\u00e9m ficar\u00e3o a saber que mesmo na pr\u00e9 estes nossos her\u00f3is j\u00e1 montavam estratagemas nojentos para vencer os bullies. Est\u00e3o a ver &#8211; \u00e9 mesmo um livro a n\u00e3o perder! (Sim, tem Flip-O-Rama tamb\u00e9m. Mais alguma pergunta? Olhem, comprem o livro.) A Batalha Contra o Bully Vai Come\u00e7ar! Da \u00faltima vez que vimos o George e o Harold, estavam a ser levados para a pris\u00e3o, onde ficariam o resto das suas vidas. Poderia haver algo pior? Hum, e que tal ser arrancado da pris\u00e3o por um tirano viajante do tempo chamado Professor Borracuecas?! Agora, os dois mi\u00fados est\u00e3o a fazer uma viagem ao passado, at\u00e9 aos dias despreocupados da pr\u00e9-prim\u00e1ria, quando a coisa mais terr\u00edvel que tinham de enfrentar n\u00e3o era cientistas malucos malvados nem empregadas de cantina alien\u00edgenas, mas um rufia do sexto ano chamado Kipper Krupp, sobrinho do burro director da escola. E porque o George e o Harold n\u00e3o v\u00e3o inventar o Capit\u00e3o Cuecas at\u00e9 chegarem ao quarto ano, estes mi\u00fados espertos da pr\u00e9 est\u00e3o por sua pr\u00f3pria conta. Os seus c\u00e9rebros bastar\u00e3o para conseguirem derrotar o bully?!!<\/p>\n<p>COM FLIP-O-RAMA!<\/p>\n<p>A mundialmente famosa t\u00e9cnica de anima\u00e7\u00e3o que te p\u00f5e a participar na ac\u00e7\u00e3o!<\/p>\n","protected":false},"featured_media":4502,"template":"","meta":{"_monsterinsights_skip_tracking":false,"_monsterinsights_sitenote_active":false,"_monsterinsights_sitenote_note":"","_monsterinsights_sitenote_category":0},"product_cat":[135],"product_tag":[],"class_list":{"0":"post-4501","1":"product","2":"type-product","3":"status-publish","4":"has-post-thumbnail","6":"product_cat-infantil","7":"pa_book-author-dav-pilkey","9":"first","10":"outofstock","11":"shipping-taxable","12":"purchasable","13":"product-type-simple"},"_links":{"self":[{"href":"https:\/\/mabuko.co.mz\/site\/index.php?rest_route=\/wp\/v2\/product\/4501","targetHints":{"allow":["GET"]}}],"collection":[{"href":"https:\/\/mabuko.co.mz\/site\/index.php?rest_route=\/wp\/v2\/product"}],"about":[{"href":"https:\/\/mabuko.co.mz\/site\/index.php?rest_route=\/wp\/v2\/types\/product"}],"wp:featuredmedia":[{"embeddable":true,"href":"https:\/\/mabuko.co.mz\/site\/index.php?rest_route=\/wp\/v2\/media\/4502"}],"wp:attachment":[{"href":"https:\/\/mabuko.co.mz\/site\/index.php?rest_route=%2Fwp%2Fv2%2Fmedia&parent=4501"}],"wp:term":[{"taxonomy":"product_cat","embeddable":true,"href":"https:\/\/mabuko.co.mz\/site\/index.php?rest_route=%2Fwp%2Fv2%2Fproduct_cat&post=4501"},{"taxonomy":"product_tag","embeddable":true,"href":"https:\/\/mabuko.co.mz\/site\/index.php?rest_route=%2Fwp%2Fv2%2Fproduct_tag&post=4501"}],"curies":[{"name":"wp","href":"https:\/\/api.w.org\/{rel}","templated":true}]}}