{"id":4498,"date":"2022-06-28T12:05:37","date_gmt":"2022-06-28T12:05:37","guid":{"rendered":"https:\/\/mabuko.co.mz\/?post_type=product&#038;p=4498"},"modified":"2022-12-22T10:13:41","modified_gmt":"2022-12-22T10:13:41","slug":"o-capitao-cuecas-e-a-sensacional-saga-do-dr-fedorovsky","status":"publish","type":"product","link":"https:\/\/mabuko.co.mz\/site\/?product=o-capitao-cuecas-e-a-sensacional-saga-do-dr-fedorovsky","title":{"rendered":"O CAPIT\u00c3O CUECAS e a sensacional saga do dr. Fedorovsky"},"content":{"rendered":"<p>Dav Pilkey<\/p>\n<p>9789896167479<\/p>\n","protected":false},"excerpt":{"rendered":"<p><strong>SINOPSE<\/strong><\/p>\n<p>George e Harold e os seus duplos, o George e o Harold de Ontem, t\u00eam um belo esquema montado.\u00a0Dois deles v\u00e3o para a escola, enquanto os outros dois se escondem na casa da\u00a0\u00e1rvore e passam o dia a jogar videojogos\u00a0&#8211;\u00a0e depois trocam! Mas acontece que h\u00e1\u00a0algo de podre no estado do Ohio, e cheira pior do que um monte de meias de desporto pestilentas.\u00a0O Sr. Mauz\u00e3o, o mal\u00e9volo professor de Educa\u00e7\u00e3o F\u00edsica dos rapazes, criou um m\u00e9todo de controlo da mente que transforma os alunos em crian\u00e7as atentas, obedientes e perfeitas.\u00a0Agora, o futuro da Humanidade est\u00e1\u00a0nas m\u00e3os de George e Harold e de George e Harold de Ontem!<\/p>\n<p>&nbsp;<\/p>\n","protected":false},"featured_media":4500,"template":"","meta":{"_monsterinsights_skip_tracking":false,"_monsterinsights_sitenote_active":false,"_monsterinsights_sitenote_note":"","_monsterinsights_sitenote_category":0},"product_cat":[135],"product_tag":[],"class_list":{"0":"post-4498","1":"product","2":"type-product","3":"status-publish","4":"has-post-thumbnail","6":"product_cat-infantil","7":"pa_book-author-dav-pilkey","9":"first","10":"onbackorder","11":"shipping-taxable","12":"purchasable","13":"product-type-simple"},"_links":{"self":[{"href":"https:\/\/mabuko.co.mz\/site\/index.php?rest_route=\/wp\/v2\/product\/4498","targetHints":{"allow":["GET"]}}],"collection":[{"href":"https:\/\/mabuko.co.mz\/site\/index.php?rest_route=\/wp\/v2\/product"}],"about":[{"href":"https:\/\/mabuko.co.mz\/site\/index.php?rest_route=\/wp\/v2\/types\/product"}],"wp:featuredmedia":[{"embeddable":true,"href":"https:\/\/mabuko.co.mz\/site\/index.php?rest_route=\/wp\/v2\/media\/4500"}],"wp:attachment":[{"href":"https:\/\/mabuko.co.mz\/site\/index.php?rest_route=%2Fwp%2Fv2%2Fmedia&parent=4498"}],"wp:term":[{"taxonomy":"product_cat","embeddable":true,"href":"https:\/\/mabuko.co.mz\/site\/index.php?rest_route=%2Fwp%2Fv2%2Fproduct_cat&post=4498"},{"taxonomy":"product_tag","embeddable":true,"href":"https:\/\/mabuko.co.mz\/site\/index.php?rest_route=%2Fwp%2Fv2%2Fproduct_tag&post=4498"}],"curies":[{"name":"wp","href":"https:\/\/api.w.org\/{rel}","templated":true}]}}