{"id":4496,"date":"2022-06-28T11:50:49","date_gmt":"2022-06-28T11:50:49","guid":{"rendered":"https:\/\/mabuko.co.mz\/?post_type=product&#038;p=4496"},"modified":"2023-03-30T13:41:20","modified_gmt":"2023-03-30T13:41:20","slug":"sapiens-os-pilares-da-civilizacao","status":"publish","type":"product","link":"https:\/\/mabuko.co.mz\/site\/?product=sapiens-os-pilares-da-civilizacao","title":{"rendered":"SAPIENS OS PILARES DA CIVILIZA\u00c7\u00c3O"},"content":{"rendered":"<p>David Vandermeulen<\/p>\n<p>Yuval Noah Harari<\/p>\n<p>9789895647644<\/p>\n","protected":false},"excerpt":{"rendered":"<div id=\"productPageSectionAboutBook-sinopseTitle\" class=\"right-title\"><strong>SINOPSE<\/strong><\/div>\n<div id=\"productPageSectionAboutBook-sinopse\" class=\"right-text\">\n<p>Segundo volume da extraordin\u00e1ria adapta\u00e7\u00e3o ilustrada do bestseller internacional\u00a0<i>Sapiens &#8211; Hist\u00f3ria Breve da Humanidade<\/i>.<\/p>\n<p>E se h\u00e1 12 mil anos os humanos tivessem voluntariamente ca\u00eddo numa armadilha da qual nunca mais conseguiram sair?\u00a0<i>Sapiens: Os Pilares da Civiliza\u00e7\u00e3o<\/i>\u00a0explica-nos como de ca\u00e7ador-recoletor n\u00f3mada o Homo sapiens aprendeu a domesticar plantas e animais tornando-se sedent\u00e1rio.<\/p>\n<p>Esta \u00e9 a hist\u00f3ria de como o trigo tomou conta do planeta, de como um casamento improv\u00e1vel entre um deus e um burocrata criou os primeiros grandes imp\u00e9rios do mundo, e de como a guerra, as epidemias, a fome e a desigualdade social se tornaram para sempre uma parte da condi\u00e7\u00e3o humana.<\/p>\n<p>Neste segundo volume da adapta\u00e7\u00e3o ilustrada de\u00a0<i>Sapiens &#8211; Hist\u00f3ria Breve da Humanidade<\/i>\u00a0para novela gr\u00e1fica, Yuval Noah Harari, em parceria com o escritor David Vandermeulen e o ilustrador Daniel Casanave, faz-nos uma vez mais viajar atrav\u00e9s dos s\u00e9culos, investigando, desta feita, uma das maiores transforma\u00e7\u00f5es da Hist\u00f3ria: a Revolu\u00e7\u00e3o Agr\u00edcola e as suas inesperadas consequ\u00eancias para a sociedade humana.<\/p>\n<p>Ilustrado a cores, original e cheio de humor, este livro \u00e9 indicado para quem quer continuar o di\u00e1logo iniciado em\u00a0<i>Sapiens: Hist\u00f3ria Breve da Humanidade<\/i>\u00a0e para apresentar o universo e as ideias de Noah Harari a novos leitores, curiosos pela hist\u00f3ria e pela ci\u00eancia, e pelo que tem sido o longo e agitado percurso do ser humano at\u00e9 aos dias de hoje.<\/p>\n<\/div>\n","protected":false},"featured_media":4497,"template":"","meta":{"_monsterinsights_skip_tracking":false,"_monsterinsights_sitenote_active":false,"_monsterinsights_sitenote_note":"","_monsterinsights_sitenote_category":0},"product_cat":[205],"product_tag":[],"class_list":{"0":"post-4496","1":"product","2":"type-product","3":"status-publish","4":"has-post-thumbnail","6":"product_cat-banda-desenhada","7":"pa_book-author-david-vandermeulen","8":"pa_book-author-yuval-noah-harari","10":"first","11":"outofstock","12":"shipping-taxable","13":"purchasable","14":"product-type-simple"},"_links":{"self":[{"href":"https:\/\/mabuko.co.mz\/site\/index.php?rest_route=\/wp\/v2\/product\/4496","targetHints":{"allow":["GET"]}}],"collection":[{"href":"https:\/\/mabuko.co.mz\/site\/index.php?rest_route=\/wp\/v2\/product"}],"about":[{"href":"https:\/\/mabuko.co.mz\/site\/index.php?rest_route=\/wp\/v2\/types\/product"}],"wp:featuredmedia":[{"embeddable":true,"href":"https:\/\/mabuko.co.mz\/site\/index.php?rest_route=\/wp\/v2\/media\/4497"}],"wp:attachment":[{"href":"https:\/\/mabuko.co.mz\/site\/index.php?rest_route=%2Fwp%2Fv2%2Fmedia&parent=4496"}],"wp:term":[{"taxonomy":"product_cat","embeddable":true,"href":"https:\/\/mabuko.co.mz\/site\/index.php?rest_route=%2Fwp%2Fv2%2Fproduct_cat&post=4496"},{"taxonomy":"product_tag","embeddable":true,"href":"https:\/\/mabuko.co.mz\/site\/index.php?rest_route=%2Fwp%2Fv2%2Fproduct_tag&post=4496"}],"curies":[{"name":"wp","href":"https:\/\/api.w.org\/{rel}","templated":true}]}}