{"id":4493,"date":"2022-06-28T11:36:57","date_gmt":"2022-06-28T11:36:57","guid":{"rendered":"https:\/\/mabuko.co.mz\/?post_type=product&#038;p=4493"},"modified":"2022-12-22T10:25:47","modified_gmt":"2022-12-22T10:25:47","slug":"as-gemeas-catarina-no-colegio-de-santa-clara-volume-6","status":"publish","type":"product","link":"https:\/\/mabuko.co.mz\/site\/?product=as-gemeas-catarina-no-colegio-de-santa-clara-volume-6","title":{"rendered":"AS G\u00c9MEAS &#8211; CATARINA NO COL\u00c9GIO DE SANTA CLARA Volume 6"},"content":{"rendered":"<p>Enid Blyton<\/p>\n<p>9789895558193<\/p>\n","protected":false},"excerpt":{"rendered":"<div id=\"productPageSectionAboutBook-sinopseTitle\" class=\"right-title\"><strong>SINOPSE<\/strong><\/div>\n<div id=\"productPageSectionAboutBook-sinopse\" class=\"right-text\">\n<p>\u00abA nossa querida delegada est\u00e1 prestes a dar um passo maior do que a perna!\u00bb<br \/>\nA Margarida, a nova delegada das alunas, n\u00e3o para de arranjar sarilhos ao terceiro ano.<br \/>\nMas ser\u00e1 que \u00e9 uma advers\u00e1ria \u00e0 altura da Catarina e da McGinty, a sua cabrinha de estima\u00e7\u00e3o?<\/p>\n<\/div>\n","protected":false},"featured_media":4494,"template":"","meta":{"_monsterinsights_skip_tracking":false,"_monsterinsights_sitenote_active":false,"_monsterinsights_sitenote_note":"","_monsterinsights_sitenote_category":0},"product_cat":[135],"product_tag":[],"class_list":{"0":"post-4493","1":"product","2":"type-product","3":"status-publish","4":"has-post-thumbnail","6":"product_cat-infantil","7":"pa_book-author-enid-blyton","9":"first","10":"instock","11":"shipping-taxable","12":"purchasable","13":"product-type-simple"},"_links":{"self":[{"href":"https:\/\/mabuko.co.mz\/site\/index.php?rest_route=\/wp\/v2\/product\/4493","targetHints":{"allow":["GET"]}}],"collection":[{"href":"https:\/\/mabuko.co.mz\/site\/index.php?rest_route=\/wp\/v2\/product"}],"about":[{"href":"https:\/\/mabuko.co.mz\/site\/index.php?rest_route=\/wp\/v2\/types\/product"}],"wp:featuredmedia":[{"embeddable":true,"href":"https:\/\/mabuko.co.mz\/site\/index.php?rest_route=\/wp\/v2\/media\/4494"}],"wp:attachment":[{"href":"https:\/\/mabuko.co.mz\/site\/index.php?rest_route=%2Fwp%2Fv2%2Fmedia&parent=4493"}],"wp:term":[{"taxonomy":"product_cat","embeddable":true,"href":"https:\/\/mabuko.co.mz\/site\/index.php?rest_route=%2Fwp%2Fv2%2Fproduct_cat&post=4493"},{"taxonomy":"product_tag","embeddable":true,"href":"https:\/\/mabuko.co.mz\/site\/index.php?rest_route=%2Fwp%2Fv2%2Fproduct_tag&post=4493"}],"curies":[{"name":"wp","href":"https:\/\/api.w.org\/{rel}","templated":true}]}}