{"id":4486,"date":"2022-06-28T10:39:21","date_gmt":"2022-06-28T10:39:21","guid":{"rendered":"https:\/\/mabuko.co.mz\/?post_type=product&#038;p=4486"},"modified":"2022-12-22T10:27:49","modified_gmt":"2022-12-22T10:27:49","slug":"as-gemeas-claudica-no-colegio-de-santa-clara","status":"publish","type":"product","link":"https:\/\/mabuko.co.mz\/site\/?product=as-gemeas-claudica-no-colegio-de-santa-clara","title":{"rendered":"AS G\u00c9MEAS &#8211; CLAUDINA NO COL\u00c9GIO DE SANTA CLARA Volume 7"},"content":{"rendered":"<p>Enid Blyton<\/p>\n<p>9789895558377<\/p>\n","protected":false},"excerpt":{"rendered":"<div id=\"productPageSectionAboutBook-sinopseTitle\" class=\"right-title\"><strong>SINOPSE<\/strong><\/div>\n<div id=\"productPageSectionAboutBook-sinopse\" class=\"right-text\">\n<h6 id=\"title\" class=\"a-spacing-none a-text-normal\"><\/h6>\n<p>&#8220;A nossa querida delegada est\u00e1 prestes a dar um passo maior do que a perna!&#8221; A Margarida, a nova delegada das alunas, n\u00e3o para de arranjar sarilhos ao terceiro ano. Mas ser\u00e1 que \u00e9 uma advers\u00e1ria \u00e0 altura da Catarina e da McGinty, a sua cabrinha de estima\u00e7\u00e3o?<\/p>\n<\/div>\n","protected":false},"featured_media":4487,"template":"","meta":{"_monsterinsights_skip_tracking":false,"_monsterinsights_sitenote_active":false,"_monsterinsights_sitenote_note":"","_monsterinsights_sitenote_category":0},"product_cat":[135,103],"product_tag":[],"class_list":{"0":"post-4486","1":"product","2":"type-product","3":"status-publish","4":"has-post-thumbnail","6":"product_cat-infantil","7":"product_cat-literatura","8":"pa_book-author-enid-blyton","10":"first","11":"instock","12":"shipping-taxable","13":"purchasable","14":"product-type-simple"},"_links":{"self":[{"href":"https:\/\/mabuko.co.mz\/site\/index.php?rest_route=\/wp\/v2\/product\/4486","targetHints":{"allow":["GET"]}}],"collection":[{"href":"https:\/\/mabuko.co.mz\/site\/index.php?rest_route=\/wp\/v2\/product"}],"about":[{"href":"https:\/\/mabuko.co.mz\/site\/index.php?rest_route=\/wp\/v2\/types\/product"}],"wp:featuredmedia":[{"embeddable":true,"href":"https:\/\/mabuko.co.mz\/site\/index.php?rest_route=\/wp\/v2\/media\/4487"}],"wp:attachment":[{"href":"https:\/\/mabuko.co.mz\/site\/index.php?rest_route=%2Fwp%2Fv2%2Fmedia&parent=4486"}],"wp:term":[{"taxonomy":"product_cat","embeddable":true,"href":"https:\/\/mabuko.co.mz\/site\/index.php?rest_route=%2Fwp%2Fv2%2Fproduct_cat&post=4486"},{"taxonomy":"product_tag","embeddable":true,"href":"https:\/\/mabuko.co.mz\/site\/index.php?rest_route=%2Fwp%2Fv2%2Fproduct_tag&post=4486"}],"curies":[{"name":"wp","href":"https:\/\/api.w.org\/{rel}","templated":true}]}}