{"id":4484,"date":"2022-06-28T10:29:41","date_gmt":"2022-06-28T10:29:41","guid":{"rendered":"https:\/\/mabuko.co.mz\/?post_type=product&#038;p=4484"},"modified":"2022-12-22T10:28:44","modified_gmt":"2022-12-22T10:28:44","slug":"as-gemeas-o-quinto-ano-no-colegio-da-santa-clara","status":"publish","type":"product","link":"https:\/\/mabuko.co.mz\/site\/?product=as-gemeas-o-quinto-ano-no-colegio-da-santa-clara","title":{"rendered":"AS G\u00c9MEAS -O QUINTO ANO NO COL\u00c9GIO DA SANTA CLARA Volume 8"},"content":{"rendered":"<p>Enid Blyton<\/p>\n<p>9789895558421<\/p>\n","protected":false},"excerpt":{"rendered":"<div id=\"productPageSectionAboutBook-sinopseTitle\" class=\"right-title\"><strong>SINOPSE<\/strong><\/div>\n<div id=\"productPageSectionAboutBook-sinopse\" class=\"right-text\">\n<p>Por favor, Felicidade! N\u00e3o podes parar de tocar essa m\u00fasica deprimente?\u00bb, queixou-se a Ana Maria. \u00abEstou a tentar escrever o \u00faltimo verso de um poema!\u00bb As alunas do quinto ano preparam-se para partilhar salas de estudo, e os \u00e2nimos v\u00e3o estar ao rubro. N\u00e3o ser\u00e1 um per\u00edodo f\u00e1cil!<\/p>\n<\/div>\n","protected":false},"featured_media":4492,"template":"","meta":{"_monsterinsights_skip_tracking":false,"_monsterinsights_sitenote_active":false,"_monsterinsights_sitenote_note":"","_monsterinsights_sitenote_category":0},"product_cat":[135],"product_tag":[],"class_list":{"0":"post-4484","1":"product","2":"type-product","3":"status-publish","4":"has-post-thumbnail","6":"product_cat-infantil","7":"pa_book-author-enid-blyton","9":"first","10":"instock","11":"shipping-taxable","12":"purchasable","13":"product-type-simple"},"_links":{"self":[{"href":"https:\/\/mabuko.co.mz\/site\/index.php?rest_route=\/wp\/v2\/product\/4484","targetHints":{"allow":["GET"]}}],"collection":[{"href":"https:\/\/mabuko.co.mz\/site\/index.php?rest_route=\/wp\/v2\/product"}],"about":[{"href":"https:\/\/mabuko.co.mz\/site\/index.php?rest_route=\/wp\/v2\/types\/product"}],"wp:featuredmedia":[{"embeddable":true,"href":"https:\/\/mabuko.co.mz\/site\/index.php?rest_route=\/wp\/v2\/media\/4492"}],"wp:attachment":[{"href":"https:\/\/mabuko.co.mz\/site\/index.php?rest_route=%2Fwp%2Fv2%2Fmedia&parent=4484"}],"wp:term":[{"taxonomy":"product_cat","embeddable":true,"href":"https:\/\/mabuko.co.mz\/site\/index.php?rest_route=%2Fwp%2Fv2%2Fproduct_cat&post=4484"},{"taxonomy":"product_tag","embeddable":true,"href":"https:\/\/mabuko.co.mz\/site\/index.php?rest_route=%2Fwp%2Fv2%2Fproduct_tag&post=4484"}],"curies":[{"name":"wp","href":"https:\/\/api.w.org\/{rel}","templated":true}]}}