{"id":4482,"date":"2022-06-28T10:24:03","date_gmt":"2022-06-28T10:24:03","guid":{"rendered":"https:\/\/mabuko.co.mz\/?post_type=product&#038;p=4482"},"modified":"2022-12-22T11:51:43","modified_gmt":"2022-12-22T11:51:43","slug":"o-bando-das-cavernas-o-tzick-gigante","status":"publish","type":"product","link":"https:\/\/mabuko.co.mz\/site\/?product=o-bando-das-cavernas-o-tzick-gigante","title":{"rendered":"O BANDO DAS CAVERNAS &#8211; O TZICK GIGANTE"},"content":{"rendered":"<p>Nuno Caravela<br \/>\n9789895642137<\/p>\n","protected":false},"excerpt":{"rendered":"<div id=\"productPageSectionAboutBook-sinopseTitle\" class=\"right-title\"><strong>SINOPSE<\/strong><\/div>\n<div id=\"productPageSectionAboutBook-sinopse\" class=\"right-text\">\n<p>Este livro, vindo dos confins do tempo, est\u00e1 repleto de aventuras e gargalhadas. Tudo por causa de um grupo muito especial de amigos: o Tocha, a Ruby, o Menir, o Kromeleque, o Tzick e o Sabre.<\/p>\n<p>Eles s\u00e3o o Bando das Cavernas!<\/p>\n<p>Um livro que come\u00e7a pelo meio sem sabermos qual \u00e9 o in\u00edcio?<br \/>\nUm Tzick que se torna gigante sem que ningu\u00e9m saiba porqu\u00ea?<br \/>\nMas que confus\u00e3o gigantesca.<\/p>\n<p>Acompanha o Bando nesta aventura do princ\u00edpio ao fim\u2026 quer dizer do meio ao fim, ou melhor do fim ao princ\u00edpio\u2026 Olha, n\u00e3o interessa.<\/p>\n<p>L\u00ea esta aventura porque uma coisa \u00e9 certa: o que n\u00e3o v\u00e3o faltar s\u00e3o gargalhadas gigaaaaaaantes!<\/p>\n<p>Diverte-te a ler e\u2026 Junta-te ao Bando!<\/p>\n<\/div>\n","protected":false},"featured_media":4483,"template":"","meta":{"_monsterinsights_skip_tracking":false,"_monsterinsights_sitenote_active":false,"_monsterinsights_sitenote_note":"","_monsterinsights_sitenote_category":0},"product_cat":[135,103],"product_tag":[],"class_list":{"0":"post-4482","1":"product","2":"type-product","3":"status-publish","4":"has-post-thumbnail","6":"product_cat-infantil","7":"product_cat-literatura","8":"pa_book-author-nuno-caravela","10":"first","11":"instock","12":"shipping-taxable","13":"purchasable","14":"product-type-simple"},"_links":{"self":[{"href":"https:\/\/mabuko.co.mz\/site\/index.php?rest_route=\/wp\/v2\/product\/4482","targetHints":{"allow":["GET"]}}],"collection":[{"href":"https:\/\/mabuko.co.mz\/site\/index.php?rest_route=\/wp\/v2\/product"}],"about":[{"href":"https:\/\/mabuko.co.mz\/site\/index.php?rest_route=\/wp\/v2\/types\/product"}],"wp:featuredmedia":[{"embeddable":true,"href":"https:\/\/mabuko.co.mz\/site\/index.php?rest_route=\/wp\/v2\/media\/4483"}],"wp:attachment":[{"href":"https:\/\/mabuko.co.mz\/site\/index.php?rest_route=%2Fwp%2Fv2%2Fmedia&parent=4482"}],"wp:term":[{"taxonomy":"product_cat","embeddable":true,"href":"https:\/\/mabuko.co.mz\/site\/index.php?rest_route=%2Fwp%2Fv2%2Fproduct_cat&post=4482"},{"taxonomy":"product_tag","embeddable":true,"href":"https:\/\/mabuko.co.mz\/site\/index.php?rest_route=%2Fwp%2Fv2%2Fproduct_tag&post=4482"}],"curies":[{"name":"wp","href":"https:\/\/api.w.org\/{rel}","templated":true}]}}