{"id":4479,"date":"2022-06-28T10:06:34","date_gmt":"2022-06-28T10:06:34","guid":{"rendered":"https:\/\/mabuko.co.mz\/?post_type=product&#038;p=4479"},"modified":"2022-12-27T14:29:40","modified_gmt":"2022-12-27T14:29:40","slug":"amizade-a-prova-de-tudo-teste-fabulosos","status":"publish","type":"product","link":"https:\/\/mabuko.co.mz\/site\/?product=amizade-a-prova-de-tudo-teste-fabulosos","title":{"rendered":"AMIZADE A PROVA DE TUDO testes fabulosos"},"content":{"rendered":"<p>9789895643219<\/p>\n","protected":false},"excerpt":{"rendered":"<p><strong>SINOPSE<\/strong><\/p>\n<p align=\"justify\">&#8220;Mais de uma dezena de testes para tu e a tua BFF porem \u00e0 prova a vossa amizade!! Este livro poderoso oferece-te os mais divertidos e entusiasmantes testes!<\/p>\n<p align=\"justify\">Desafia a tua melhor amiga para alinhar contigo nestes testes divertidos e altamente reveladores\u2026 Ser\u00e1 que se conhecem assim t\u00e3o bem? A vossa amizade \u00e9 \u00e0 prova de tudo?<\/p>\n<p align=\"justify\">Querem ficar a conhecer-se a 1000 %? Ent\u00e3o, v\u00e3o adorar este livro! Melhores amigas para sempre BFF! &#8220;<\/p>\n","protected":false},"featured_media":4480,"template":"","meta":{"_monsterinsights_skip_tracking":false,"_monsterinsights_sitenote_active":false,"_monsterinsights_sitenote_note":"","_monsterinsights_sitenote_category":0},"product_cat":[135],"product_tag":[],"class_list":{"0":"post-4479","1":"product","2":"type-product","3":"status-publish","4":"has-post-thumbnail","6":"product_cat-infantil","7":"pa_book-author-varios-autores","9":"first","10":"instock","11":"shipping-taxable","12":"purchasable","13":"product-type-simple"},"_links":{"self":[{"href":"https:\/\/mabuko.co.mz\/site\/index.php?rest_route=\/wp\/v2\/product\/4479","targetHints":{"allow":["GET"]}}],"collection":[{"href":"https:\/\/mabuko.co.mz\/site\/index.php?rest_route=\/wp\/v2\/product"}],"about":[{"href":"https:\/\/mabuko.co.mz\/site\/index.php?rest_route=\/wp\/v2\/types\/product"}],"wp:featuredmedia":[{"embeddable":true,"href":"https:\/\/mabuko.co.mz\/site\/index.php?rest_route=\/wp\/v2\/media\/4480"}],"wp:attachment":[{"href":"https:\/\/mabuko.co.mz\/site\/index.php?rest_route=%2Fwp%2Fv2%2Fmedia&parent=4479"}],"wp:term":[{"taxonomy":"product_cat","embeddable":true,"href":"https:\/\/mabuko.co.mz\/site\/index.php?rest_route=%2Fwp%2Fv2%2Fproduct_cat&post=4479"},{"taxonomy":"product_tag","embeddable":true,"href":"https:\/\/mabuko.co.mz\/site\/index.php?rest_route=%2Fwp%2Fv2%2Fproduct_tag&post=4479"}],"curies":[{"name":"wp","href":"https:\/\/api.w.org\/{rel}","templated":true}]}}