{"id":4475,"date":"2022-06-28T09:40:49","date_gmt":"2022-06-28T09:40:49","guid":{"rendered":"https:\/\/mabuko.co.mz\/?post_type=product&#038;p=4475"},"modified":"2023-02-14T12:51:45","modified_gmt":"2023-02-14T12:51:45","slug":"as-aventuras-de-tintin-tintin-no-pais-dos-sovietes","status":"publish","type":"product","link":"https:\/\/mabuko.co.mz\/site\/?product=as-aventuras-de-tintin-tintin-no-pais-dos-sovietes","title":{"rendered":"AS AVENTURAS DE TINTIN &#8211; TINTIN NO PA\u00cdS DOS SOVIETES"},"content":{"rendered":"<p>Herg\u00e9<\/p>\n<p>9789892352510<\/p>\n","protected":false},"excerpt":{"rendered":"<div id=\"productPageSectionAboutBook-sinopseTitle\" class=\"right-title\"><strong>SINOPSE<\/strong><\/div>\n<div id=\"productPageSectionAboutBook-sinopse\" class=\"right-text\">\n<p>Criada em 1929, esta primeir\u00edssima aventura de Tintin, agora em vers\u00e3o a cores, n\u00e3o deixa de surpreender pela sua nova e moderna legibilidade.<br \/>\nTintin d\u00e1 provas de uma vibrante energia logo desde o in\u00edcio, mas s\u00f3 assume o aspecto f\u00edsico que conhecemos quando salta para o volante de um potente descapot\u00e1vel, levando Herg\u00e9, na \u00e2nsia de ilustrar a velocidade, a levantar a poupa do seu cabelo\u2026 para sempre.<\/p>\n<p>O jovem autor, com 21 anos e sem qualquer forma\u00e7\u00e3o em desenho, estava longe de imaginar que acabara de criar um her\u00f3i que, ao longo de vinte e quatro aventuras, se transformaria num \u00edcone m\u00edtico e universal.<\/p>\n<\/div>\n","protected":false},"featured_media":4476,"template":"","meta":{"_monsterinsights_skip_tracking":false,"_monsterinsights_sitenote_active":false,"_monsterinsights_sitenote_note":"","_monsterinsights_sitenote_category":0},"product_cat":[205],"product_tag":[],"class_list":{"0":"post-4475","1":"product","2":"type-product","3":"status-publish","4":"has-post-thumbnail","6":"product_cat-banda-desenhada","7":"pa_book-author-herge","9":"first","10":"outofstock","11":"shipping-taxable","12":"purchasable","13":"product-type-simple"},"_links":{"self":[{"href":"https:\/\/mabuko.co.mz\/site\/index.php?rest_route=\/wp\/v2\/product\/4475","targetHints":{"allow":["GET"]}}],"collection":[{"href":"https:\/\/mabuko.co.mz\/site\/index.php?rest_route=\/wp\/v2\/product"}],"about":[{"href":"https:\/\/mabuko.co.mz\/site\/index.php?rest_route=\/wp\/v2\/types\/product"}],"wp:featuredmedia":[{"embeddable":true,"href":"https:\/\/mabuko.co.mz\/site\/index.php?rest_route=\/wp\/v2\/media\/4476"}],"wp:attachment":[{"href":"https:\/\/mabuko.co.mz\/site\/index.php?rest_route=%2Fwp%2Fv2%2Fmedia&parent=4475"}],"wp:term":[{"taxonomy":"product_cat","embeddable":true,"href":"https:\/\/mabuko.co.mz\/site\/index.php?rest_route=%2Fwp%2Fv2%2Fproduct_cat&post=4475"},{"taxonomy":"product_tag","embeddable":true,"href":"https:\/\/mabuko.co.mz\/site\/index.php?rest_route=%2Fwp%2Fv2%2Fproduct_tag&post=4475"}],"curies":[{"name":"wp","href":"https:\/\/api.w.org\/{rel}","templated":true}]}}