{"id":4473,"date":"2022-06-28T09:33:35","date_gmt":"2022-06-28T09:33:35","guid":{"rendered":"https:\/\/mabuko.co.mz\/?post_type=product&#038;p=4473"},"modified":"2023-02-14T12:56:14","modified_gmt":"2023-02-14T12:56:14","slug":"asterix-o-menir-de-ouro","status":"publish","type":"product","link":"https:\/\/mabuko.co.mz\/site\/?product=asterix-o-menir-de-ouro","title":{"rendered":"AST\u00c9RIX O MENIR DE OURO"},"content":{"rendered":"<p>Ren\u00e9 Goscinny<\/p>\n<p>9789892349718<\/p>\n","protected":false},"excerpt":{"rendered":"<div id=\"productPageSectionAboutBook-sinopseTitle\" class=\"right-title\"><strong>SINOPSE<\/strong><\/div>\n<div id=\"productPageSectionAboutBook-sinopse\" class=\"right-text\">\n<p>Reina a agita\u00e7\u00e3o na aldeia gaulesa: Cacofonix decidiu participar no famoso Festival da Can\u00e7\u00e3o dos Bardos Gauleses para conquistar o Menir de Ouro!<\/p>\n<p>Para o protegerem neste certame seguido de perto pelos Romanos, Ast\u00e9rix e Ob\u00e9lix ficam encarregados de o acompanhar: eles n\u00e3o devem perder Cacofonix de vista, mesmo correndo o risco de\u2026 ficarem surdos!<\/p>\n<\/div>\n","protected":false},"featured_media":4474,"template":"","meta":{"_monsterinsights_skip_tracking":false,"_monsterinsights_sitenote_active":false,"_monsterinsights_sitenote_note":"","_monsterinsights_sitenote_category":0},"product_cat":[205],"product_tag":[],"class_list":{"0":"post-4473","1":"product","2":"type-product","3":"status-publish","4":"has-post-thumbnail","6":"product_cat-banda-desenhada","7":"pa_book-author-rene-goscinny","9":"first","10":"outofstock","11":"shipping-taxable","12":"purchasable","13":"product-type-simple"},"_links":{"self":[{"href":"https:\/\/mabuko.co.mz\/site\/index.php?rest_route=\/wp\/v2\/product\/4473","targetHints":{"allow":["GET"]}}],"collection":[{"href":"https:\/\/mabuko.co.mz\/site\/index.php?rest_route=\/wp\/v2\/product"}],"about":[{"href":"https:\/\/mabuko.co.mz\/site\/index.php?rest_route=\/wp\/v2\/types\/product"}],"wp:featuredmedia":[{"embeddable":true,"href":"https:\/\/mabuko.co.mz\/site\/index.php?rest_route=\/wp\/v2\/media\/4474"}],"wp:attachment":[{"href":"https:\/\/mabuko.co.mz\/site\/index.php?rest_route=%2Fwp%2Fv2%2Fmedia&parent=4473"}],"wp:term":[{"taxonomy":"product_cat","embeddable":true,"href":"https:\/\/mabuko.co.mz\/site\/index.php?rest_route=%2Fwp%2Fv2%2Fproduct_cat&post=4473"},{"taxonomy":"product_tag","embeddable":true,"href":"https:\/\/mabuko.co.mz\/site\/index.php?rest_route=%2Fwp%2Fv2%2Fproduct_tag&post=4473"}],"curies":[{"name":"wp","href":"https:\/\/api.w.org\/{rel}","templated":true}]}}