{"id":4468,"date":"2022-06-28T09:15:22","date_gmt":"2022-06-28T09:15:22","guid":{"rendered":"https:\/\/mabuko.co.mz\/?post_type=product&#038;p=4468"},"modified":"2022-12-21T14:05:44","modified_gmt":"2022-12-21T14:05:44","slug":"uma-promessa-para-toda-a-vida","status":"publish","type":"product","link":"https:\/\/mabuko.co.mz\/site\/?product=uma-promessa-para-toda-a-vida","title":{"rendered":"UMA PROMESSA PARA TODA A VIDA"},"content":{"rendered":"<p>Nicholas Sparks<br \/>\n9789892323404<\/p>\n","protected":false},"excerpt":{"rendered":"<div id=\"productPageSectionAboutBook-sinopseTitle\" class=\"right-title\"><strong>SINOPSE<\/strong><\/div>\n<div id=\"productPageSectionAboutBook-sinopse\" class=\"right-text\">\n<p>Para Miles Ryan, o mundo desabou no dia em que a sua mulher morreu. Missy fora o seu primeiro amor, a companheira de todos os momentos, a carinhosa m\u00e3e de Jonah, o filho de ambos. Juntos, tinham uma vida de sonho. Mas uma noite Missy saiu para correr e n\u00e3o voltou. Foi atropelada numa rua perto de casa.<\/p>\n<p>As investiga\u00e7\u00f5es da pol\u00edcia nada revelaram. Agora, dois anos depois, Miles ainda se culpa por n\u00e3o ter descoberto o autor do crime e Jonah, j\u00e1 com sete anos, vive numa imensa solid\u00e3o. Mas h\u00e1 uma luz no seu caminho: Sarah, uma nova professora que entende a sua perda e n\u00e3o desiste perante as dificuldades. Ela pr\u00f3pria est\u00e1 ainda a recuperar de um div\u00f3rcio que a feriu de morte. Decidida a ajudar o menino, Sarah re\u00fane-se com Miles. Desse simples encontro nascer\u00e1 uma paix\u00e3o verdadeira. Contra todas as expectativas, eles amam e riem de novo. Mas um segredo paira sobre o casal. Um segredo que os obrigar\u00e1 a questionar tudo aquilo em que acreditavam\u2026 e a fazer a escolha que mudar\u00e1 as suas vidas para sempre.<\/p>\n<p>Um dos mais ternos e intensos livros de Nicholas Sparks, Uma Promessa para Toda a Vida \u00e9 uma mensagem de esperan\u00e7a e uma ode de amor \u00e0 vida. Um romance inesquec\u00edvel sobre as imperfei\u00e7\u00f5es do ser humano, a resist\u00eancia perante a adversidade e a incompar\u00e1vel alegria que sentimos quando nos entregamos ao amor.<\/p>\n<\/div>\n","protected":false},"featured_media":4469,"template":"","meta":{"_monsterinsights_skip_tracking":false,"_monsterinsights_sitenote_active":false,"_monsterinsights_sitenote_note":"","_monsterinsights_sitenote_category":0},"product_cat":[103,105],"product_tag":[],"class_list":{"0":"post-4468","1":"product","2":"type-product","3":"status-publish","4":"has-post-thumbnail","6":"product_cat-literatura","7":"product_cat-romance","8":"pa_book-author-nicholas-sparks","10":"first","11":"outofstock","12":"shipping-taxable","13":"purchasable","14":"product-type-simple"},"_links":{"self":[{"href":"https:\/\/mabuko.co.mz\/site\/index.php?rest_route=\/wp\/v2\/product\/4468","targetHints":{"allow":["GET"]}}],"collection":[{"href":"https:\/\/mabuko.co.mz\/site\/index.php?rest_route=\/wp\/v2\/product"}],"about":[{"href":"https:\/\/mabuko.co.mz\/site\/index.php?rest_route=\/wp\/v2\/types\/product"}],"wp:featuredmedia":[{"embeddable":true,"href":"https:\/\/mabuko.co.mz\/site\/index.php?rest_route=\/wp\/v2\/media\/4469"}],"wp:attachment":[{"href":"https:\/\/mabuko.co.mz\/site\/index.php?rest_route=%2Fwp%2Fv2%2Fmedia&parent=4468"}],"wp:term":[{"taxonomy":"product_cat","embeddable":true,"href":"https:\/\/mabuko.co.mz\/site\/index.php?rest_route=%2Fwp%2Fv2%2Fproduct_cat&post=4468"},{"taxonomy":"product_tag","embeddable":true,"href":"https:\/\/mabuko.co.mz\/site\/index.php?rest_route=%2Fwp%2Fv2%2Fproduct_tag&post=4468"}],"curies":[{"name":"wp","href":"https:\/\/api.w.org\/{rel}","templated":true}]}}