{"id":4465,"date":"2022-06-28T09:09:27","date_gmt":"2022-06-28T09:09:27","guid":{"rendered":"https:\/\/mabuko.co.mz\/?post_type=product&#038;p=4465"},"modified":"2023-02-14T12:32:03","modified_gmt":"2023-02-14T12:32:03","slug":"as-aventuras-de-tintin-tintin-no-congo","status":"publish","type":"product","link":"https:\/\/mabuko.co.mz\/site\/?product=as-aventuras-de-tintin-tintin-no-congo","title":{"rendered":"AS AVENTURAS DE TINTIN &#8211; TINTIN NO CONGO"},"content":{"rendered":"<p>Herg\u00e9<\/p>\n<p>9789892307978<\/p>\n","protected":false},"excerpt":{"rendered":"<p><strong>SINOPSE<\/strong><\/p>\n<div id=\"productPageSectionAboutBook-sinopse\" class=\"right-text\">\n<p>Tintin \u00e9 enviado para o Congo, col\u00f3nia belga na \u00e9poca. Por uma s\u00e9rie de perip\u00e9cias acaba por entrar em confronto com um bando de gangsters que controlam a produ\u00e7\u00e3o de diamantes\u2026<\/p>\n<\/div>\n","protected":false},"featured_media":4467,"template":"","meta":{"_monsterinsights_skip_tracking":false,"_monsterinsights_sitenote_active":false,"_monsterinsights_sitenote_note":"","_monsterinsights_sitenote_category":0},"product_cat":[205],"product_tag":[],"class_list":{"0":"post-4465","1":"product","2":"type-product","3":"status-publish","4":"has-post-thumbnail","6":"product_cat-banda-desenhada","7":"pa_book-author-herge","9":"first","10":"outofstock","11":"shipping-taxable","12":"purchasable","13":"product-type-simple"},"_links":{"self":[{"href":"https:\/\/mabuko.co.mz\/site\/index.php?rest_route=\/wp\/v2\/product\/4465","targetHints":{"allow":["GET"]}}],"collection":[{"href":"https:\/\/mabuko.co.mz\/site\/index.php?rest_route=\/wp\/v2\/product"}],"about":[{"href":"https:\/\/mabuko.co.mz\/site\/index.php?rest_route=\/wp\/v2\/types\/product"}],"wp:featuredmedia":[{"embeddable":true,"href":"https:\/\/mabuko.co.mz\/site\/index.php?rest_route=\/wp\/v2\/media\/4467"}],"wp:attachment":[{"href":"https:\/\/mabuko.co.mz\/site\/index.php?rest_route=%2Fwp%2Fv2%2Fmedia&parent=4465"}],"wp:term":[{"taxonomy":"product_cat","embeddable":true,"href":"https:\/\/mabuko.co.mz\/site\/index.php?rest_route=%2Fwp%2Fv2%2Fproduct_cat&post=4465"},{"taxonomy":"product_tag","embeddable":true,"href":"https:\/\/mabuko.co.mz\/site\/index.php?rest_route=%2Fwp%2Fv2%2Fproduct_tag&post=4465"}],"curies":[{"name":"wp","href":"https:\/\/api.w.org\/{rel}","templated":true}]}}