{"id":4461,"date":"2022-06-28T08:30:47","date_gmt":"2022-06-28T08:30:47","guid":{"rendered":"https:\/\/mabuko.co.mz\/?post_type=product&#038;p=4461"},"modified":"2022-12-21T14:36:44","modified_gmt":"2022-12-21T14:36:44","slug":"o-ceu-cai-lhe-em-cima-da-cabeca","status":"publish","type":"product","link":"https:\/\/mabuko.co.mz\/site\/?product=o-ceu-cai-lhe-em-cima-da-cabeca","title":{"rendered":"O C\u00c9U CAI-LHE EM CIMA DA CABE\u00c7A"},"content":{"rendered":"<p>Albert Uderzo<\/p>\n<p>Ren\u00e9 Goscinny<\/p>\n<p>9789724144184<\/p>\n","protected":false},"excerpt":{"rendered":"<p><strong>SINOPSE<\/strong><\/p>\n<p>Mais uma vez a famosa aldeia dos irredut\u00edveis gauleses foi invadida! Mas, desta feita, os romanos est\u00e3o completamente inocentes. De um momento para o outro, todos os habitantes da aldeia gaulesa ficam imobilizados, com excep\u00e7\u00e3o de Ast\u00e9rix, Ob\u00e9lix, Panoramix e Ideiafix. Esta situa\u00e7\u00e3o coincide com a chegada de uma misteriosa nave, tripulada por um estranho personagem de nome Tune, oriundo de uma estrela distante. Os nossos her\u00f3is ficam ent\u00e3o a saber que possuem uma &#8220;arma secreta&#8221; pretendida pelos Nagmas, uns seres estranhos e antip\u00e1ticos, rivais dos habitantes de Wendalsity. Os nossos amigos gauleses v\u00e3o contar com a preciosa ajuda do simp\u00e1tico Tune, para evitar que a famosa po\u00e7\u00e3o m\u00e1gica caia nas m\u00e3os dos terr\u00edveis Nagmas &#8211; que pretendem tornar-se os \u00fanicos senhores do Universo &#8211; e espera-se uma miss\u00e3o deveras complicada! Mas nada vai impedir que esta hist\u00f3ria termine como todas as outras\u2026 com um magn\u00edfico banquete!<\/p>\n","protected":false},"featured_media":4462,"template":"","meta":{"_monsterinsights_skip_tracking":false,"_monsterinsights_sitenote_active":false,"_monsterinsights_sitenote_note":"","_monsterinsights_sitenote_category":0},"product_cat":[205],"product_tag":[],"class_list":{"0":"post-4461","1":"product","2":"type-product","3":"status-publish","4":"has-post-thumbnail","6":"product_cat-banda-desenhada","7":"pa_book-author-albert-uderzo","8":"pa_book-author-rene-goscinny","10":"first","11":"outofstock","12":"shipping-taxable","13":"purchasable","14":"product-type-simple"},"_links":{"self":[{"href":"https:\/\/mabuko.co.mz\/site\/index.php?rest_route=\/wp\/v2\/product\/4461","targetHints":{"allow":["GET"]}}],"collection":[{"href":"https:\/\/mabuko.co.mz\/site\/index.php?rest_route=\/wp\/v2\/product"}],"about":[{"href":"https:\/\/mabuko.co.mz\/site\/index.php?rest_route=\/wp\/v2\/types\/product"}],"wp:featuredmedia":[{"embeddable":true,"href":"https:\/\/mabuko.co.mz\/site\/index.php?rest_route=\/wp\/v2\/media\/4462"}],"wp:attachment":[{"href":"https:\/\/mabuko.co.mz\/site\/index.php?rest_route=%2Fwp%2Fv2%2Fmedia&parent=4461"}],"wp:term":[{"taxonomy":"product_cat","embeddable":true,"href":"https:\/\/mabuko.co.mz\/site\/index.php?rest_route=%2Fwp%2Fv2%2Fproduct_cat&post=4461"},{"taxonomy":"product_tag","embeddable":true,"href":"https:\/\/mabuko.co.mz\/site\/index.php?rest_route=%2Fwp%2Fv2%2Fproduct_tag&post=4461"}],"curies":[{"name":"wp","href":"https:\/\/api.w.org\/{rel}","templated":true}]}}