{"id":4459,"date":"2022-06-28T08:16:40","date_gmt":"2022-06-28T08:16:40","guid":{"rendered":"https:\/\/mabuko.co.mz\/?post_type=product&#038;p=4459"},"modified":"2022-12-21T14:39:35","modified_gmt":"2022-12-21T14:39:35","slug":"fazer-vista-grossa","status":"publish","type":"product","link":"https:\/\/mabuko.co.mz\/site\/?product=fazer-vista-grossa","title":{"rendered":"FAZER VISTA GROSSA"},"content":{"rendered":"<p>Jeffrey Archer<\/p>\n<p>9789722542241<\/p>\n","protected":false},"excerpt":{"rendered":"<div id=\"productPageSectionAboutBook-sinopseTitle\" class=\"right-title\"><strong>SINOPSE<\/strong><\/div>\n<div id=\"productPageSectionAboutBook-sinopse\" class=\"right-text\">\n<p>William Warwick, agora promovido a inspector, tem como nova miss\u00e3o uma perigosa investiga\u00e7\u00e3o &#8211; na clandestinidade, recorrendo ao trabalho de uma equipa de agentes infiltrados, ter\u00e1 de expor e p\u00f4r termo a um crime de outro tipo: a corrup\u00e7\u00e3o no centro da Pol\u00edcia Metropolitana de Londres. Em parceria com as detectives Rebecca Pankhurst e Nicky Bailey, a equipa concentrar\u00e1 os seus esfor\u00e7os no detective Jerry Summers, um jovem agente cujo estilo de vida ultrapassa em grande medida aquele que os seus rendimentos lhe permitem. Mas o sucesso da investiga\u00e7\u00e3o pode estar comprometido a partir do momento em que Nicky se apaixona por Summers.<\/p>\n<p>Entretanto, Assem Rashidi, um poderoso traficante de droga, vai a julgamento e tem como advogado de defesa Booth Watson, enquanto do lado da acusa\u00e7\u00e3o est\u00e3o Sir Julian, pai de Warwick, e a irm\u00e3 deste, Grace. Beth, a mulher de Warwick, agora m\u00e3e de g\u00e9meos, enceta uma amizade surpreendente com Christina Faulkner &#8211; ex-mulher do n\u00e9mesis do inspector, Miles, um criminoso sofisticado -, que parece n\u00e3o s\u00f3 ter virado a p\u00e1gina do passado, como tem agora fartos meios de subsist\u00eancia ap\u00f3s a morte de Miles de ataque card\u00edaco; era a sua \u00fanica herdeira.<\/p>\n<p>\u00c0 medida que a equipa de investiga\u00e7\u00e3o come\u00e7a a juntar todas as pe\u00e7as, William perceber\u00e1 que os tent\u00e1culos da corrup\u00e7\u00e3o se podem estender a dom\u00ednios muitos mais alargados do que inicialmente antevia &#8211; e aos seus companheiros, que parecem dispostos a fazer\u2026 vista grossa.<\/p>\n<\/div>\n","protected":false},"featured_media":4460,"template":"","meta":{"_monsterinsights_skip_tracking":false,"_monsterinsights_sitenote_active":false,"_monsterinsights_sitenote_note":"","_monsterinsights_sitenote_category":0},"product_cat":[103,105],"product_tag":[],"class_list":{"0":"post-4459","1":"product","2":"type-product","3":"status-publish","4":"has-post-thumbnail","6":"product_cat-literatura","7":"product_cat-romance","8":"pa_book-author-jeffrey-archer","10":"first","11":"instock","12":"shipping-taxable","13":"purchasable","14":"product-type-simple"},"_links":{"self":[{"href":"https:\/\/mabuko.co.mz\/site\/index.php?rest_route=\/wp\/v2\/product\/4459","targetHints":{"allow":["GET"]}}],"collection":[{"href":"https:\/\/mabuko.co.mz\/site\/index.php?rest_route=\/wp\/v2\/product"}],"about":[{"href":"https:\/\/mabuko.co.mz\/site\/index.php?rest_route=\/wp\/v2\/types\/product"}],"wp:featuredmedia":[{"embeddable":true,"href":"https:\/\/mabuko.co.mz\/site\/index.php?rest_route=\/wp\/v2\/media\/4460"}],"wp:attachment":[{"href":"https:\/\/mabuko.co.mz\/site\/index.php?rest_route=%2Fwp%2Fv2%2Fmedia&parent=4459"}],"wp:term":[{"taxonomy":"product_cat","embeddable":true,"href":"https:\/\/mabuko.co.mz\/site\/index.php?rest_route=%2Fwp%2Fv2%2Fproduct_cat&post=4459"},{"taxonomy":"product_tag","embeddable":true,"href":"https:\/\/mabuko.co.mz\/site\/index.php?rest_route=%2Fwp%2Fv2%2Fproduct_tag&post=4459"}],"curies":[{"name":"wp","href":"https:\/\/api.w.org\/{rel}","templated":true}]}}