{"id":4456,"date":"2022-06-28T08:07:19","date_gmt":"2022-06-28T08:07:19","guid":{"rendered":"https:\/\/mabuko.co.mz\/?post_type=product&#038;p=4456"},"modified":"2022-12-21T14:42:07","modified_gmt":"2022-12-21T14:42:07","slug":"o-lado-perverso-de-kai","status":"publish","type":"product","link":"https:\/\/mabuko.co.mz\/site\/?product=o-lado-perverso-de-kai","title":{"rendered":"O LADO PERVERSO DE KAI"},"content":{"rendered":"<p>Estelle Maskame<\/p>\n<p>9789722365710<\/p>\n","protected":false},"excerpt":{"rendered":"<div id=\"productPageSectionAboutBook-sinopseTitle\" class=\"right-title\"><strong>SINOPSE<\/strong><\/div>\n<div id=\"productPageSectionAboutBook-sinopse\" class=\"right-text\">\n<p>Vanessa n\u00e3o acredita em relacionamentos s\u00e9rios. Na verdade, j\u00e1 n\u00e3o acredita em nenhum tipo de relacionamento. Quando decide terminar a sua liga\u00e7\u00e3o fortuita com Harrison, \u00e9 v\u00edtima de uma ultrajante trai\u00e7\u00e3o &#8211; por despeito, ele divulga entre os seus amigos um v\u00eddeo que exp\u00f5e momento \u00edntimos vividos entre ambos e que acaba por ser objecto de coment\u00e1rios jocosos em toda a escola.<\/p>\n<p>Vanessa decide vingar-se, com a ajuda de Kai, um novo aluno, misterioso e sedutor, que odeia Harrison. o que poder\u00e1 acontecer com este plano de vingan\u00e7a?<\/p>\n<p>Uma hist\u00f3ria a n\u00e3o perder sobre m\u00e1goa, perd\u00e3o, confian\u00e7a e vulnerabilidade &#8211; e sobre a inebriante sensa\u00e7\u00e3o de felicidade com que a paix\u00e3o nos invade.<\/p>\n<\/div>\n","protected":false},"featured_media":4458,"template":"","meta":{"_monsterinsights_skip_tracking":false,"_monsterinsights_sitenote_active":false,"_monsterinsights_sitenote_note":"","_monsterinsights_sitenote_category":0},"product_cat":[103],"product_tag":[],"class_list":{"0":"post-4456","1":"product","2":"type-product","3":"status-publish","4":"has-post-thumbnail","6":"product_cat-literatura","7":"pa_book-author-estelle-maskame","9":"first","10":"instock","11":"shipping-taxable","12":"purchasable","13":"product-type-simple"},"_links":{"self":[{"href":"https:\/\/mabuko.co.mz\/site\/index.php?rest_route=\/wp\/v2\/product\/4456","targetHints":{"allow":["GET"]}}],"collection":[{"href":"https:\/\/mabuko.co.mz\/site\/index.php?rest_route=\/wp\/v2\/product"}],"about":[{"href":"https:\/\/mabuko.co.mz\/site\/index.php?rest_route=\/wp\/v2\/types\/product"}],"wp:featuredmedia":[{"embeddable":true,"href":"https:\/\/mabuko.co.mz\/site\/index.php?rest_route=\/wp\/v2\/media\/4458"}],"wp:attachment":[{"href":"https:\/\/mabuko.co.mz\/site\/index.php?rest_route=%2Fwp%2Fv2%2Fmedia&parent=4456"}],"wp:term":[{"taxonomy":"product_cat","embeddable":true,"href":"https:\/\/mabuko.co.mz\/site\/index.php?rest_route=%2Fwp%2Fv2%2Fproduct_cat&post=4456"},{"taxonomy":"product_tag","embeddable":true,"href":"https:\/\/mabuko.co.mz\/site\/index.php?rest_route=%2Fwp%2Fv2%2Fproduct_tag&post=4456"}],"curies":[{"name":"wp","href":"https:\/\/api.w.org\/{rel}","templated":true}]}}