{"id":4454,"date":"2022-06-28T08:00:59","date_gmt":"2022-06-28T08:00:59","guid":{"rendered":"https:\/\/mabuko.co.mz\/?post_type=product&#038;p=4454"},"modified":"2022-12-21T14:43:16","modified_gmt":"2022-12-21T14:43:16","slug":"e-quando-te-conheci","status":"publish","type":"product","link":"https:\/\/mabuko.co.mz\/site\/?product=e-quando-te-conheci","title":{"rendered":"E QUANDO TE CONHECI"},"content":{"rendered":"<p>Estelle Maskame<\/p>\n<p>9789722368278<\/p>\n","protected":false},"excerpt":{"rendered":"<div id=\"productPageSectionAboutBook-sinopseTitle\" class=\"right-title\"><strong>SINOPSE<\/strong><\/div>\n<div id=\"productPageSectionAboutBook-sinopse\" class=\"right-text\">\n<p>Mila: 16 anos, uma mi\u00fada de LA, em tudo normal. Quer dizer, \u00e0 excep\u00e7\u00e3o do pai, que \u00e9 um dos actores mais procurados pela ind\u00fastria do cinema. E agora, com o novo filme quase a estrear, as asneiras que Mila tem feito e que inundam os media n\u00e3o podem continuar.<\/p>\n<p>Adeus, Mila. Os pais mandam-na para uma pequena cidade no Tennessee. \u00c9 ver\u00e3o, est\u00e1 no meio do nada &#8211; o que pode acontecer? Blake, o filho do presidente da c\u00e2mara &#8211; acontece.<br \/>\nBlake percebe logo como pode mexer com Mila. E percebe o que ela sente, o que se passa por causa dos pais\u2026 Talvez estes dois tenham mais em comum do que qualquer um deles quer admitir.<br \/>\nE Quando Te Conheci \u00e9 uma hist\u00f3ria de amizade, dramas familiares e amor. Durante um longo e quente ver\u00e3o, entramos na vida de Mila e Blake e mal podemos esperar pela continua\u00e7\u00e3o desta trilogia.<\/p>\n<\/div>\n","protected":false},"featured_media":4455,"template":"","meta":{"_monsterinsights_skip_tracking":false,"_monsterinsights_sitenote_active":false,"_monsterinsights_sitenote_note":"","_monsterinsights_sitenote_category":0},"product_cat":[103],"product_tag":[],"class_list":{"0":"post-4454","1":"product","2":"type-product","3":"status-publish","4":"has-post-thumbnail","6":"product_cat-literatura","7":"pa_book-author-estelle-maskame","9":"first","10":"instock","11":"shipping-taxable","12":"purchasable","13":"product-type-simple"},"_links":{"self":[{"href":"https:\/\/mabuko.co.mz\/site\/index.php?rest_route=\/wp\/v2\/product\/4454","targetHints":{"allow":["GET"]}}],"collection":[{"href":"https:\/\/mabuko.co.mz\/site\/index.php?rest_route=\/wp\/v2\/product"}],"about":[{"href":"https:\/\/mabuko.co.mz\/site\/index.php?rest_route=\/wp\/v2\/types\/product"}],"wp:featuredmedia":[{"embeddable":true,"href":"https:\/\/mabuko.co.mz\/site\/index.php?rest_route=\/wp\/v2\/media\/4455"}],"wp:attachment":[{"href":"https:\/\/mabuko.co.mz\/site\/index.php?rest_route=%2Fwp%2Fv2%2Fmedia&parent=4454"}],"wp:term":[{"taxonomy":"product_cat","embeddable":true,"href":"https:\/\/mabuko.co.mz\/site\/index.php?rest_route=%2Fwp%2Fv2%2Fproduct_cat&post=4454"},{"taxonomy":"product_tag","embeddable":true,"href":"https:\/\/mabuko.co.mz\/site\/index.php?rest_route=%2Fwp%2Fv2%2Fproduct_tag&post=4454"}],"curies":[{"name":"wp","href":"https:\/\/api.w.org\/{rel}","templated":true}]}}