{"id":4452,"date":"2022-06-28T07:55:36","date_gmt":"2022-06-28T07:55:36","guid":{"rendered":"https:\/\/mabuko.co.mz\/?post_type=product&#038;p=4452"},"modified":"2022-12-21T14:44:42","modified_gmt":"2022-12-21T14:44:42","slug":"uma-aventura-nas-arabias","status":"publish","type":"product","link":"https:\/\/mabuko.co.mz\/site\/?product=uma-aventura-nas-arabias","title":{"rendered":"UMA AVENTURA NAS AR\u00c1BIAS"},"content":{"rendered":"<p>Ana Maria Magalh\u00e3es<\/p>\n<p>Isabel Al\u00e7ada<\/p>\n<p>9789722131445<\/p>\n","protected":false},"excerpt":{"rendered":"<div id=\"productPageSectionAboutBook-sinopseTitle\" class=\"right-title\"><strong>SINOPSE<\/strong><\/div>\n<div id=\"productPageSectionAboutBook-sinopse\" class=\"right-text\">\n<p>Nesta Aventura os cinco amigos v\u00e3o encontrar-se com o filho do pr\u00edncipe Rashid, que os tinha convidado na Aventura anterior, a visitar o seu pal\u00e1cio nas Ar\u00e1bias, donde era oriunda a rainha do Sab\u00e1.<\/p>\n<p>Inadvertidamente, o pr\u00edncipe recrutou uns malfeitores para uns trabalhos na sua biblioteca que, por sinal, \u00e9 onde se encontra a localiza\u00e7\u00e3o de um tesouro escondido.<\/p>\n<p>Os nossos her\u00f3is v\u00e3o ajudar a desmascarar as suas pretens\u00f5es e ainda v\u00e3o ter tempo para visitar os locais mais maravilhosos das Ar\u00e1bias<\/p>\n<\/div>\n","protected":false},"featured_media":4453,"template":"","meta":{"_monsterinsights_skip_tracking":false,"_monsterinsights_sitenote_active":false,"_monsterinsights_sitenote_note":"","_monsterinsights_sitenote_category":0},"product_cat":[135],"product_tag":[],"class_list":{"0":"post-4452","1":"product","2":"type-product","3":"status-publish","4":"has-post-thumbnail","6":"product_cat-infantil","7":"pa_book-author-ana-maria-magalhaes","8":"pa_book-author-isabel-alcada","10":"first","11":"outofstock","12":"shipping-taxable","13":"purchasable","14":"product-type-simple"},"_links":{"self":[{"href":"https:\/\/mabuko.co.mz\/site\/index.php?rest_route=\/wp\/v2\/product\/4452","targetHints":{"allow":["GET"]}}],"collection":[{"href":"https:\/\/mabuko.co.mz\/site\/index.php?rest_route=\/wp\/v2\/product"}],"about":[{"href":"https:\/\/mabuko.co.mz\/site\/index.php?rest_route=\/wp\/v2\/types\/product"}],"wp:featuredmedia":[{"embeddable":true,"href":"https:\/\/mabuko.co.mz\/site\/index.php?rest_route=\/wp\/v2\/media\/4453"}],"wp:attachment":[{"href":"https:\/\/mabuko.co.mz\/site\/index.php?rest_route=%2Fwp%2Fv2%2Fmedia&parent=4452"}],"wp:term":[{"taxonomy":"product_cat","embeddable":true,"href":"https:\/\/mabuko.co.mz\/site\/index.php?rest_route=%2Fwp%2Fv2%2Fproduct_cat&post=4452"},{"taxonomy":"product_tag","embeddable":true,"href":"https:\/\/mabuko.co.mz\/site\/index.php?rest_route=%2Fwp%2Fv2%2Fproduct_tag&post=4452"}],"curies":[{"name":"wp","href":"https:\/\/api.w.org\/{rel}","templated":true}]}}