{"id":4450,"date":"2022-06-28T07:45:28","date_gmt":"2022-06-28T07:45:28","guid":{"rendered":"https:\/\/mabuko.co.mz\/?post_type=product&#038;p=4450"},"modified":"2022-12-21T15:06:24","modified_gmt":"2022-12-21T15:06:24","slug":"a-varanda-do-frangipani","status":"publish","type":"product","link":"https:\/\/mabuko.co.mz\/site\/?product=a-varanda-do-frangipani","title":{"rendered":"A VARANDA DO FRANGIPANI"},"content":{"rendered":"<p>Mia Couto<\/p>\n<p>9789722130165<\/p>\n","protected":false},"excerpt":{"rendered":"<p><strong>SINOPSE<\/strong><\/p>\n<p>A narrativa de A Varanda do Frangipani decorre na Fortaleza de S. Nicolau, algures em Mo\u00e7ambique. A fortaleza h\u00e1 muito que deixou de ser reduto de defesa e ocupa\u00e7\u00e3o estrangeira para se transformar num asilo de velhos. A trama policial, as reflex\u00f5es sobre a guerra e sobre a paz, o Universo m\u00e1gico, a riqueza de personagens, aliados a uma narrativa pujante e amadurecida, fazem deste livro uma das mais belas obras de Mia Couto.<\/p>\n","protected":false},"featured_media":4451,"template":"","meta":{"_monsterinsights_skip_tracking":false,"_monsterinsights_sitenote_active":false,"_monsterinsights_sitenote_note":"","_monsterinsights_sitenote_category":0},"product_cat":[103,212],"product_tag":[],"class_list":{"0":"post-4450","1":"product","2":"type-product","3":"status-publish","4":"has-post-thumbnail","6":"product_cat-literatura","7":"product_cat-prosa-narrativa","8":"pa_book-author-mia-couto","10":"first","11":"instock","12":"shipping-taxable","13":"purchasable","14":"product-type-simple"},"_links":{"self":[{"href":"https:\/\/mabuko.co.mz\/site\/index.php?rest_route=\/wp\/v2\/product\/4450","targetHints":{"allow":["GET"]}}],"collection":[{"href":"https:\/\/mabuko.co.mz\/site\/index.php?rest_route=\/wp\/v2\/product"}],"about":[{"href":"https:\/\/mabuko.co.mz\/site\/index.php?rest_route=\/wp\/v2\/types\/product"}],"wp:featuredmedia":[{"embeddable":true,"href":"https:\/\/mabuko.co.mz\/site\/index.php?rest_route=\/wp\/v2\/media\/4451"}],"wp:attachment":[{"href":"https:\/\/mabuko.co.mz\/site\/index.php?rest_route=%2Fwp%2Fv2%2Fmedia&parent=4450"}],"wp:term":[{"taxonomy":"product_cat","embeddable":true,"href":"https:\/\/mabuko.co.mz\/site\/index.php?rest_route=%2Fwp%2Fv2%2Fproduct_cat&post=4450"},{"taxonomy":"product_tag","embeddable":true,"href":"https:\/\/mabuko.co.mz\/site\/index.php?rest_route=%2Fwp%2Fv2%2Fproduct_tag&post=4450"}],"curies":[{"name":"wp","href":"https:\/\/api.w.org\/{rel}","templated":true}]}}