{"id":4445,"date":"2022-06-28T07:32:06","date_gmt":"2022-06-28T07:32:06","guid":{"rendered":"https:\/\/mabuko.co.mz\/?post_type=product&#038;p=4445"},"modified":"2023-01-10T14:54:27","modified_gmt":"2023-01-10T14:54:27","slug":"um-espiao-entre-amigos","status":"publish","type":"product","link":"https:\/\/mabuko.co.mz\/site\/?product=um-espiao-entre-amigos","title":{"rendered":"UM ESPI\u00c3O ENTRE AMIGOS"},"content":{"rendered":"<p>Ben Macintyre<\/p>\n<p>9789722070317<\/p>\n","protected":false},"excerpt":{"rendered":"<p><strong>SINOPSE<\/strong><\/p>\n<p>Kim Philby ficou para a hist\u00f3ria como o maior desertor da espionagem brit\u00e2nica e a mais importante toupeira sovi\u00e9tica. Agente, agente duplo, traidor e um grande enigma, passou aos russos todos os segredos das opera\u00e7\u00f5es aliadas nos primeiros anos da Guerra Fria. Os seus dois amigos mais \u00edntimos no mundo da espionagem \u2013 Nicholas Elliot, do MI6, e James Jesus Angleton, chefe da contra-intelig\u00eancia da CIA \u2013 julgavam conhec\u00ea lo melhor do que ningu\u00e9m, at\u00e9 descobrirem que, afinal, n\u00e3o o conheciam de todo. Esta \u00e9 uma hist\u00f3ria de \u00edntima duplicidade; de lealdade, confian\u00e7a e trai\u00e7\u00e3o; de perten\u00e7a a um grupo e de hesita\u00e7\u00f5es; de uma guerra ideol\u00f3gica que um homem privilegiado e encantador introduz nos clubes e restaurantes da alta sociedade de Londres e de Washington; de amizades forjadas e sistematicamente tra\u00eddas. Com acesso a documentos recentemente desclassificados do MI5 e a escritos privados at\u00e9 agora desconhecidos, e com a colabora\u00e7\u00e3o de antigos agentes do MI6 e da CIA, esta biografia definitiva revela aquele que ser\u00e1 o \u00faltimo grande segredo da Guerra Fria.<\/p>\n","protected":false},"featured_media":4446,"template":"","meta":{"_monsterinsights_skip_tracking":false,"_monsterinsights_sitenote_active":false,"_monsterinsights_sitenote_note":"","_monsterinsights_sitenote_category":0},"product_cat":[102],"product_tag":[],"class_list":{"0":"post-4445","1":"product","2":"type-product","3":"status-publish","4":"has-post-thumbnail","6":"product_cat-livros-tecnicos","7":"pa_book-author-ben-macintyre","9":"first","10":"outofstock","11":"shipping-taxable","12":"purchasable","13":"product-type-simple"},"_links":{"self":[{"href":"https:\/\/mabuko.co.mz\/site\/index.php?rest_route=\/wp\/v2\/product\/4445","targetHints":{"allow":["GET"]}}],"collection":[{"href":"https:\/\/mabuko.co.mz\/site\/index.php?rest_route=\/wp\/v2\/product"}],"about":[{"href":"https:\/\/mabuko.co.mz\/site\/index.php?rest_route=\/wp\/v2\/types\/product"}],"wp:featuredmedia":[{"embeddable":true,"href":"https:\/\/mabuko.co.mz\/site\/index.php?rest_route=\/wp\/v2\/media\/4446"}],"wp:attachment":[{"href":"https:\/\/mabuko.co.mz\/site\/index.php?rest_route=%2Fwp%2Fv2%2Fmedia&parent=4445"}],"wp:term":[{"taxonomy":"product_cat","embeddable":true,"href":"https:\/\/mabuko.co.mz\/site\/index.php?rest_route=%2Fwp%2Fv2%2Fproduct_cat&post=4445"},{"taxonomy":"product_tag","embeddable":true,"href":"https:\/\/mabuko.co.mz\/site\/index.php?rest_route=%2Fwp%2Fv2%2Fproduct_tag&post=4445"}],"curies":[{"name":"wp","href":"https:\/\/api.w.org\/{rel}","templated":true}]}}