{"id":4443,"date":"2022-06-28T07:24:19","date_gmt":"2022-06-28T07:24:19","guid":{"rendered":"https:\/\/mabuko.co.mz\/?post_type=product&#038;p=4443"},"modified":"2022-12-22T09:19:06","modified_gmt":"2022-12-22T09:19:06","slug":"meio-sol-amarelo","status":"publish","type":"product","link":"https:\/\/mabuko.co.mz\/site\/?product=meio-sol-amarelo","title":{"rendered":"MEIO SOL AMARELO"},"content":{"rendered":"<p>Chimamanda Ngozi Adichie<\/p>\n<p>9789892305387<\/p>\n","protected":false},"excerpt":{"rendered":"<div id=\"productPageSectionAboutBook-sinopseTitle\" class=\"right-title\"><strong>SINOPSE<\/strong><\/div>\n<div id=\"productPageSectionAboutBook-sinopse\" class=\"right-text\">\n<p>Com a eleg\u00e2ncia e o talento a que j\u00e1 nos habituou, Chimamanda Ngozi Adichie cruza um momento determinante na hist\u00f3ria moderna de \u00c1frica com as vidas de cinco personagens inesquec\u00edveis.<\/p>\n<p>A breve vida do Biafra enquadra o crescimento de Ugwu, um humilde criado de treze anos a quem o mundo se desvendar\u00e1 pela m\u00e3o do seu senhor, Odenigbo, que, na intimidade da sua casa, planeia uma revolu\u00e7\u00e3o. Este jovem professor universit\u00e1rio mant\u00e9m uma rela\u00e7\u00e3o apaixonada com a bela Olanna, cuja irm\u00e3 g\u00e9mea, Kainene, \u00e9 alvo do amor desesperado de Richard, um jovem ingl\u00eas a bra\u00e7os com sua identidade enquanto homem branco em \u00c1frica.<\/p>\n<p>Todos eles v\u00e3o ser for\u00e7ados a tomar decis\u00f5es definitivas sobre amor e responsabilidade, passado e presente, na\u00e7\u00e3o e fam\u00edlia, lealdade e trai\u00e7\u00e3o.<br \/>\nTodos eles v\u00e3o assistir ao desmoronar da realidade tal como a conheciam devido a uma guerra que tudo transformar\u00e1 irremediavelmente.<\/p>\n<\/div>\n","protected":false},"featured_media":4444,"template":"","meta":{"_monsterinsights_skip_tracking":false,"_monsterinsights_sitenote_active":false,"_monsterinsights_sitenote_note":"","_monsterinsights_sitenote_category":0},"product_cat":[103,105],"product_tag":[],"class_list":{"0":"post-4443","1":"product","2":"type-product","3":"status-publish","4":"has-post-thumbnail","6":"product_cat-literatura","7":"product_cat-romance","8":"pa_book-author-chimamanda-ngozi-adichie","10":"first","11":"instock","12":"shipping-taxable","13":"purchasable","14":"product-type-simple"},"_links":{"self":[{"href":"https:\/\/mabuko.co.mz\/site\/index.php?rest_route=\/wp\/v2\/product\/4443","targetHints":{"allow":["GET"]}}],"collection":[{"href":"https:\/\/mabuko.co.mz\/site\/index.php?rest_route=\/wp\/v2\/product"}],"about":[{"href":"https:\/\/mabuko.co.mz\/site\/index.php?rest_route=\/wp\/v2\/types\/product"}],"wp:featuredmedia":[{"embeddable":true,"href":"https:\/\/mabuko.co.mz\/site\/index.php?rest_route=\/wp\/v2\/media\/4444"}],"wp:attachment":[{"href":"https:\/\/mabuko.co.mz\/site\/index.php?rest_route=%2Fwp%2Fv2%2Fmedia&parent=4443"}],"wp:term":[{"taxonomy":"product_cat","embeddable":true,"href":"https:\/\/mabuko.co.mz\/site\/index.php?rest_route=%2Fwp%2Fv2%2Fproduct_cat&post=4443"},{"taxonomy":"product_tag","embeddable":true,"href":"https:\/\/mabuko.co.mz\/site\/index.php?rest_route=%2Fwp%2Fv2%2Fproduct_tag&post=4443"}],"curies":[{"name":"wp","href":"https:\/\/api.w.org\/{rel}","templated":true}]}}