{"id":4440,"date":"2022-06-28T07:18:09","date_gmt":"2022-06-28T07:18:09","guid":{"rendered":"https:\/\/mabuko.co.mz\/?post_type=product&#038;p=4440"},"modified":"2023-02-14T12:53:10","modified_gmt":"2023-02-14T12:53:10","slug":"violeta","status":"publish","type":"product","link":"https:\/\/mabuko.co.mz\/site\/?product=violeta","title":{"rendered":"VIOLETA"},"content":{"rendered":"<p>Isabel Allende<\/p>\n<p><span class=\"text\">9789720035295<\/span><\/p>\n","protected":false},"excerpt":{"rendered":"<p><strong>SINOPSE<\/strong><\/p>\n<p>Violeta del Valle \u00e9 a primeira rapariga numa fam\u00edlia de cinco irm\u00e3os truculentos. Nasce num dia de tempestade, em 1920, quando ainda se sentem os efeitos devastadores da Grande Guerra e a gripe espanhola chega ao seu pa\u00eds natal, na Am\u00e9rica do Sul. Gra\u00e7as \u00e0 ac\u00e7\u00e3o determinada do pai, a fam\u00edlia sair\u00e1 inc\u00f3lume desta crise, apenas para ter de enfrentar uma outra: a Grande Depress\u00e3o. A elegante vida urbana que Violeta conhecia at\u00e9 ent\u00e3o muda drasticamente. Os Del Valle s\u00e3o for\u00e7ados a viver numa regi\u00e3o selvagem e remota, onde Violeta atinge a maioridade e viver\u00e1 o primeiro amor. D\u00e9cadas depois, numa longa carta dirigida ao seu companheiro espiritual, o mais profundo amor da sua longa exist\u00eancia, Violeta relembra desgostos amorosos e apaixonadas rela\u00e7\u00f5es, momentos de pobreza e de prosperidade, perdas terr\u00edveis e alegrias imensas. A sua vida ser\u00e1 moldada por alguns dos momentos mais importantes da Hist\u00f3ria: a luta pelos direitos da mulher, a ascens\u00e3o e queda de tiranos, os ecos long\u00ednquos da Segunda Guerra Mundial.<\/p>\n","protected":false},"featured_media":4442,"template":"","meta":{"_monsterinsights_skip_tracking":false,"_monsterinsights_sitenote_active":false,"_monsterinsights_sitenote_note":"","_monsterinsights_sitenote_category":0},"product_cat":[105],"product_tag":[],"class_list":{"0":"post-4440","1":"product","2":"type-product","3":"status-publish","4":"has-post-thumbnail","6":"product_cat-romance","7":"pa_book-author-isabel-allende","9":"first","10":"outofstock","11":"shipping-taxable","12":"purchasable","13":"product-type-simple"},"_links":{"self":[{"href":"https:\/\/mabuko.co.mz\/site\/index.php?rest_route=\/wp\/v2\/product\/4440","targetHints":{"allow":["GET"]}}],"collection":[{"href":"https:\/\/mabuko.co.mz\/site\/index.php?rest_route=\/wp\/v2\/product"}],"about":[{"href":"https:\/\/mabuko.co.mz\/site\/index.php?rest_route=\/wp\/v2\/types\/product"}],"wp:featuredmedia":[{"embeddable":true,"href":"https:\/\/mabuko.co.mz\/site\/index.php?rest_route=\/wp\/v2\/media\/4442"}],"wp:attachment":[{"href":"https:\/\/mabuko.co.mz\/site\/index.php?rest_route=%2Fwp%2Fv2%2Fmedia&parent=4440"}],"wp:term":[{"taxonomy":"product_cat","embeddable":true,"href":"https:\/\/mabuko.co.mz\/site\/index.php?rest_route=%2Fwp%2Fv2%2Fproduct_cat&post=4440"},{"taxonomy":"product_tag","embeddable":true,"href":"https:\/\/mabuko.co.mz\/site\/index.php?rest_route=%2Fwp%2Fv2%2Fproduct_tag&post=4440"}],"curies":[{"name":"wp","href":"https:\/\/api.w.org\/{rel}","templated":true}]}}