{"id":4434,"date":"2022-06-28T07:00:26","date_gmt":"2022-06-28T07:00:26","guid":{"rendered":"https:\/\/mabuko.co.mz\/?post_type=product&#038;p=4434"},"modified":"2022-12-22T09:24:53","modified_gmt":"2022-12-22T09:24:53","slug":"pequeno-heroi-o-cavaleiro","status":"publish","type":"product","link":"https:\/\/mabuko.co.mz\/site\/?product=pequeno-heroi-o-cavaleiro","title":{"rendered":"PEQUENO HER\u00d3I &#8211; O CAVALEIRO"},"content":{"rendered":"<p>\u00c9milie Beaumont<\/p>\n<p>9782215105183<\/p>\n","protected":false},"excerpt":{"rendered":"<p><strong>SINOPSE<\/strong><\/p>\n<p>Uma hist\u00f3ria para que as crian\u00e7as possam identificar o her\u00f3i e dar largas \u00e0 sua imagina\u00e7\u00e3o.<\/p>\n","protected":false},"featured_media":4436,"template":"","meta":{"_monsterinsights_skip_tracking":false,"_monsterinsights_sitenote_active":false,"_monsterinsights_sitenote_note":"","_monsterinsights_sitenote_category":0},"product_cat":[135],"product_tag":[],"class_list":{"0":"post-4434","1":"product","2":"type-product","3":"status-publish","4":"has-post-thumbnail","6":"product_cat-infantil","7":"pa_book-author-emilie-beaumont","9":"first","10":"outofstock","11":"shipping-taxable","12":"purchasable","13":"product-type-simple"},"_links":{"self":[{"href":"https:\/\/mabuko.co.mz\/site\/index.php?rest_route=\/wp\/v2\/product\/4434","targetHints":{"allow":["GET"]}}],"collection":[{"href":"https:\/\/mabuko.co.mz\/site\/index.php?rest_route=\/wp\/v2\/product"}],"about":[{"href":"https:\/\/mabuko.co.mz\/site\/index.php?rest_route=\/wp\/v2\/types\/product"}],"wp:featuredmedia":[{"embeddable":true,"href":"https:\/\/mabuko.co.mz\/site\/index.php?rest_route=\/wp\/v2\/media\/4436"}],"wp:attachment":[{"href":"https:\/\/mabuko.co.mz\/site\/index.php?rest_route=%2Fwp%2Fv2%2Fmedia&parent=4434"}],"wp:term":[{"taxonomy":"product_cat","embeddable":true,"href":"https:\/\/mabuko.co.mz\/site\/index.php?rest_route=%2Fwp%2Fv2%2Fproduct_cat&post=4434"},{"taxonomy":"product_tag","embeddable":true,"href":"https:\/\/mabuko.co.mz\/site\/index.php?rest_route=%2Fwp%2Fv2%2Fproduct_tag&post=4434"}],"curies":[{"name":"wp","href":"https:\/\/api.w.org\/{rel}","templated":true}]}}