{"id":4427,"date":"2022-06-28T06:35:48","date_gmt":"2022-06-28T06:35:48","guid":{"rendered":"https:\/\/mabuko.co.mz\/?post_type=product&#038;p=4427"},"modified":"2022-12-21T09:53:44","modified_gmt":"2022-12-21T09:53:44","slug":"o-miudo-a-moto-da-policia-do-gustavo","status":"publish","type":"product","link":"https:\/\/mabuko.co.mz\/site\/?product=o-miudo-a-moto-da-policia-do-gustavo","title":{"rendered":"O MI\u00daDO &#8211; A MOTO DA POLICIA DO GUSTAVO"},"content":{"rendered":"<p>Nathalie Belinea<\/p>\n<p>9788490948460<\/p>\n","protected":false},"excerpt":{"rendered":"<div id=\"productPageSectionAboutBook-sinopseTitle\" class=\"right-title\"><strong>SINOPSE<\/strong><\/div>\n<div id=\"productPageSectionAboutBook-sinopse\" class=\"right-text\">\n<p>Esta colec\u00e7\u00e3o pretende criar interactividade entre a crian\u00e7a e os seus personagens.<\/p>\n<p>Especialmente concebido para os mais pequenos, o livro apresenta uma breve hist\u00f3ria que far\u00e1 despertar a imagina\u00e7\u00e3o da crian\u00e7a.<\/p>\n<div id=\"productPageSectionAboutBook-sinopse\" class=\"right-text\">\n<p>&nbsp;<\/p>\n<\/div>\n<\/div>\n","protected":false},"featured_media":4429,"template":"","meta":{"_monsterinsights_skip_tracking":false,"_monsterinsights_sitenote_active":false,"_monsterinsights_sitenote_note":"","_monsterinsights_sitenote_category":0},"product_cat":[135],"product_tag":[],"class_list":{"0":"post-4427","1":"product","2":"type-product","3":"status-publish","4":"has-post-thumbnail","6":"product_cat-infantil","7":"pa_book-author-nathalie-belinea","9":"first","10":"outofstock","11":"shipping-taxable","12":"purchasable","13":"product-type-simple"},"_links":{"self":[{"href":"https:\/\/mabuko.co.mz\/site\/index.php?rest_route=\/wp\/v2\/product\/4427","targetHints":{"allow":["GET"]}}],"collection":[{"href":"https:\/\/mabuko.co.mz\/site\/index.php?rest_route=\/wp\/v2\/product"}],"about":[{"href":"https:\/\/mabuko.co.mz\/site\/index.php?rest_route=\/wp\/v2\/types\/product"}],"wp:featuredmedia":[{"embeddable":true,"href":"https:\/\/mabuko.co.mz\/site\/index.php?rest_route=\/wp\/v2\/media\/4429"}],"wp:attachment":[{"href":"https:\/\/mabuko.co.mz\/site\/index.php?rest_route=%2Fwp%2Fv2%2Fmedia&parent=4427"}],"wp:term":[{"taxonomy":"product_cat","embeddable":true,"href":"https:\/\/mabuko.co.mz\/site\/index.php?rest_route=%2Fwp%2Fv2%2Fproduct_cat&post=4427"},{"taxonomy":"product_tag","embeddable":true,"href":"https:\/\/mabuko.co.mz\/site\/index.php?rest_route=%2Fwp%2Fv2%2Fproduct_tag&post=4427"}],"curies":[{"name":"wp","href":"https:\/\/api.w.org\/{rel}","templated":true}]}}