{"id":4375,"date":"2022-06-27T15:06:13","date_gmt":"2022-06-27T15:06:13","guid":{"rendered":"https:\/\/mabuko.co.mz\/?post_type=product&#038;p=4375"},"modified":"2022-12-21T09:43:50","modified_gmt":"2022-12-21T09:43:50","slug":"martine-e-o-cao-extraordinario","status":"publish","type":"product","link":"https:\/\/mabuko.co.mz\/site\/?product=martine-e-o-cao-extraordinario","title":{"rendered":"MARTINE E O C\u00c3O EXTRAORDIN\u00c1RIO"},"content":{"rendered":"<p>Gilbert Delahaye<\/p>\n<p>5600927001354<\/p>\n","protected":false},"excerpt":{"rendered":"<div id=\"productPageSectionAboutBook-sinopseTitle\" class=\"right-title\"><strong>SINOPSE<\/strong><\/div>\n<div id=\"productPageSectionAboutBook-sinopse\" class=\"right-text\">\n<p>Pais fora de casa? Est\u00e1 na hora de a Martine arrega\u00e7ar as mangas e ser mam\u00e3 por um dia! O pequeno Alexandre est\u00e1 ao seu cuidado e n\u00e3o h\u00e1 d\u00favida de que ela se sair\u00e1 muito bem nesta nova tarefa! Um livro para acompanhar a Martine e o seu irm\u00e3o beb\u00e9 num dia bem diferente! A colec\u00e7\u00e3o \u00abMartine\u00bb passa de m\u00e3o em m\u00e3o desde h\u00e1 mais de 60 anos. N\u00e3o h\u00e1 m\u00e3e nem av\u00f3 que n\u00e3o a tenha lido, nem crian\u00e7a que n\u00e3o sonhe fazer parte da vida da Martine<\/p>\n<\/div>\n","protected":false},"featured_media":4377,"template":"","meta":{"_monsterinsights_skip_tracking":false,"_monsterinsights_sitenote_active":false,"_monsterinsights_sitenote_note":"","_monsterinsights_sitenote_category":0},"product_cat":[135],"product_tag":[],"class_list":{"0":"post-4375","1":"product","2":"type-product","3":"status-publish","4":"has-post-thumbnail","6":"product_cat-infantil","7":"pa_book-author-gilbert-delahaye","9":"first","10":"instock","11":"shipping-taxable","12":"purchasable","13":"product-type-simple"},"_links":{"self":[{"href":"https:\/\/mabuko.co.mz\/site\/index.php?rest_route=\/wp\/v2\/product\/4375","targetHints":{"allow":["GET"]}}],"collection":[{"href":"https:\/\/mabuko.co.mz\/site\/index.php?rest_route=\/wp\/v2\/product"}],"about":[{"href":"https:\/\/mabuko.co.mz\/site\/index.php?rest_route=\/wp\/v2\/types\/product"}],"wp:featuredmedia":[{"embeddable":true,"href":"https:\/\/mabuko.co.mz\/site\/index.php?rest_route=\/wp\/v2\/media\/4377"}],"wp:attachment":[{"href":"https:\/\/mabuko.co.mz\/site\/index.php?rest_route=%2Fwp%2Fv2%2Fmedia&parent=4375"}],"wp:term":[{"taxonomy":"product_cat","embeddable":true,"href":"https:\/\/mabuko.co.mz\/site\/index.php?rest_route=%2Fwp%2Fv2%2Fproduct_cat&post=4375"},{"taxonomy":"product_tag","embeddable":true,"href":"https:\/\/mabuko.co.mz\/site\/index.php?rest_route=%2Fwp%2Fv2%2Fproduct_tag&post=4375"}],"curies":[{"name":"wp","href":"https:\/\/api.w.org\/{rel}","templated":true}]}}