{"id":4372,"date":"2022-06-27T14:46:38","date_gmt":"2022-06-27T14:46:38","guid":{"rendered":"https:\/\/mabuko.co.mz\/?post_type=product&#038;p=4372"},"modified":"2022-12-21T09:45:25","modified_gmt":"2022-12-21T09:45:25","slug":"amantes","status":"publish","type":"product","link":"https:\/\/mabuko.co.mz\/site\/?product=amantes","title":{"rendered":"AMANTES"},"content":{"rendered":"<p>Judith Krantz<\/p>\n<p>5601072622548<\/p>\n","protected":false},"excerpt":{"rendered":"<div class=\"bookSinopse\"><strong>SINOPSE<\/strong><\/div>\n<div class=\"bookSinopseTitle\">Judith Krantz \u00e9 uma das escritoras de maior renome mundial. Depois do seu enorme sucesso com Escr\u00fapulos, tornou-se numa das autoras da actualidade com o maior n\u00famero de best-sellers, tendo muitos destes sido transpostos para mini-s\u00e9ries televisivas. Vive com o marido, Steve Krantz \u2013 produtor cinematogr\u00e1fico e televisivo \u2013 em Bel Air e Newport Beach, Calif\u00f3rnia.<br \/>\nGigi Orsini, a filha adoptiva de Billy Ikehorn, est\u00e1 preparada para a aventura. A menina adolescente e rebelde transformou-se numa mulher rom\u00e2ntica e sensual. Ap\u00f3s o sucesso de Escr\u00fapulos Dois, Gigi aceita um emprego numa das ag\u00eancias de publicidade mais promissoras de Los Angeles. Mas a poderosa directora da ag\u00eancia sente por ela um \u00f3dio irracional. Apanhada numa teia de desejo, paix\u00e3o e intriga, Gigi ter\u00e1 de decidir o percurso que dar\u00e1 \u00e0 sua vida, num mundo de exig\u00eancias diab\u00f3licas e enormes desafios.<br \/>\nEntre a Calif\u00f3rnia e Nova Iorque, de Veneza a Paris, passando pelo Montana e Malibu, Amantes \u00e9 um romance intenso, emocionante, sedutor e perigosamente er\u00f3tico que mant\u00eam o leitor empolgado at\u00e9 \u00e0 \u00faltima p\u00e1gina.<\/div>\n","protected":false},"featured_media":4373,"template":"","meta":{"_monsterinsights_skip_tracking":false,"_monsterinsights_sitenote_active":false,"_monsterinsights_sitenote_note":"","_monsterinsights_sitenote_category":0},"product_cat":[103,105],"product_tag":[],"class_list":{"0":"post-4372","1":"product","2":"type-product","3":"status-publish","4":"has-post-thumbnail","6":"product_cat-literatura","7":"product_cat-romance","8":"pa_book-author-judith-krantz","10":"first","11":"instock","12":"shipping-taxable","13":"purchasable","14":"product-type-simple"},"_links":{"self":[{"href":"https:\/\/mabuko.co.mz\/site\/index.php?rest_route=\/wp\/v2\/product\/4372","targetHints":{"allow":["GET"]}}],"collection":[{"href":"https:\/\/mabuko.co.mz\/site\/index.php?rest_route=\/wp\/v2\/product"}],"about":[{"href":"https:\/\/mabuko.co.mz\/site\/index.php?rest_route=\/wp\/v2\/types\/product"}],"wp:featuredmedia":[{"embeddable":true,"href":"https:\/\/mabuko.co.mz\/site\/index.php?rest_route=\/wp\/v2\/media\/4373"}],"wp:attachment":[{"href":"https:\/\/mabuko.co.mz\/site\/index.php?rest_route=%2Fwp%2Fv2%2Fmedia&parent=4372"}],"wp:term":[{"taxonomy":"product_cat","embeddable":true,"href":"https:\/\/mabuko.co.mz\/site\/index.php?rest_route=%2Fwp%2Fv2%2Fproduct_cat&post=4372"},{"taxonomy":"product_tag","embeddable":true,"href":"https:\/\/mabuko.co.mz\/site\/index.php?rest_route=%2Fwp%2Fv2%2Fproduct_tag&post=4372"}],"curies":[{"name":"wp","href":"https:\/\/api.w.org\/{rel}","templated":true}]}}