{"id":4369,"date":"2022-06-27T14:34:50","date_gmt":"2022-06-27T14:34:50","guid":{"rendered":"https:\/\/mabuko.co.mz\/?post_type=product&#038;p=4369"},"modified":"2022-12-21T09:47:38","modified_gmt":"2022-12-21T09:47:38","slug":"cem-anos-de-solidao","status":"publish","type":"product","link":"https:\/\/mabuko.co.mz\/site\/?product=cem-anos-de-solidao","title":{"rendered":"CEM ANOS DE SOLID\u00c3O"},"content":{"rendered":"<p>Gabriel Garcia Marquez<\/p>\n<p>9789722063883<\/p>\n","protected":false},"excerpt":{"rendered":"<div id=\"productPageSectionAboutBook-sinopseTitle\" class=\"right-title\"><strong>SINOPSE<\/strong><\/div>\n<div id=\"productPageSectionAboutBook-sinopse\" class=\"right-text\">\n<p>Livro recomendado para o Ensino Secund\u00e1rio como sugest\u00e3o de leitura.<\/p>\n<p>&#8220;<i>Muitos anos depois, diante do pelot\u00e3o de fuzilamento, o coronel Aureliano Buend\u00eda haveria de recordar aquela tarde remota em que o pai o levou a conhecer o gelo.<\/i>&#8221;<br \/>\nCom estas palavras &#8211; t\u00e3o c\u00e9lebres j\u00e1 como as palavras iniciais do\u00a0<i>Dom Quixote<\/i>\u00a0ou de\u00a0<i>\u00c0 Procura do Tempo Perdido<\/i>\u00a0&#8211; come\u00e7am estes\u00a0<i>Cem Anos de Solid\u00e3o<\/i>, obra-prima da literatura contempor\u00e2nea, traduzida em todas as l\u00ednguas do mundo, que consagrou definitivamente Gabriel Garc\u00eda M\u00e1rquez como um dos maiores escritores do nosso tempo.<br \/>\nA fabulosa aventura da fam\u00edlia Buend\u00eda-Iguar\u00e1n com os seus milagres, fantasias, obsess\u00f5es, trag\u00e9dias, incestos, adult\u00e9rios, rebeldias, descobertas e condena\u00e7\u00f5es s\u00e3o a representa\u00e7\u00e3o ao mesmo tempo do mito e da hist\u00f3ria, da trag\u00e9dia e do amor do mundo inteiro<\/p>\n<\/div>\n","protected":false},"featured_media":4371,"template":"","meta":{"_monsterinsights_skip_tracking":false,"_monsterinsights_sitenote_active":false,"_monsterinsights_sitenote_note":"","_monsterinsights_sitenote_category":0},"product_cat":[103,105],"product_tag":[],"class_list":{"0":"post-4369","1":"product","2":"type-product","3":"status-publish","4":"has-post-thumbnail","6":"product_cat-literatura","7":"product_cat-romance","8":"pa_book-author-gabriel-garcia-marquez","10":"first","11":"outofstock","12":"shipping-taxable","13":"purchasable","14":"product-type-simple"},"_links":{"self":[{"href":"https:\/\/mabuko.co.mz\/site\/index.php?rest_route=\/wp\/v2\/product\/4369","targetHints":{"allow":["GET"]}}],"collection":[{"href":"https:\/\/mabuko.co.mz\/site\/index.php?rest_route=\/wp\/v2\/product"}],"about":[{"href":"https:\/\/mabuko.co.mz\/site\/index.php?rest_route=\/wp\/v2\/types\/product"}],"wp:featuredmedia":[{"embeddable":true,"href":"https:\/\/mabuko.co.mz\/site\/index.php?rest_route=\/wp\/v2\/media\/4371"}],"wp:attachment":[{"href":"https:\/\/mabuko.co.mz\/site\/index.php?rest_route=%2Fwp%2Fv2%2Fmedia&parent=4369"}],"wp:term":[{"taxonomy":"product_cat","embeddable":true,"href":"https:\/\/mabuko.co.mz\/site\/index.php?rest_route=%2Fwp%2Fv2%2Fproduct_cat&post=4369"},{"taxonomy":"product_tag","embeddable":true,"href":"https:\/\/mabuko.co.mz\/site\/index.php?rest_route=%2Fwp%2Fv2%2Fproduct_tag&post=4369"}],"curies":[{"name":"wp","href":"https:\/\/api.w.org\/{rel}","templated":true}]}}