{"id":4367,"date":"2022-06-27T14:00:34","date_gmt":"2022-06-27T14:00:34","guid":{"rendered":"https:\/\/mabuko.co.mz\/?post_type=product&#038;p=4367"},"modified":"2022-12-21T10:08:10","modified_gmt":"2022-12-21T10:08:10","slug":"uma-aventura-em-conimbriga","status":"publish","type":"product","link":"https:\/\/mabuko.co.mz\/site\/?product=uma-aventura-em-conimbriga","title":{"rendered":"UMA AVENTURA EM CON\u00cdMBRIGA"},"content":{"rendered":"<p>Ana Maria Magalhaes<\/p>\n<p>Isabel Alcada<\/p>\n","protected":false},"excerpt":{"rendered":"<div id=\"productPageSectionAboutBook-sinopseTitle\" class=\"right-title\"><strong>SINOPSE<\/strong><\/div>\n<div id=\"productPageSectionAboutBook-sinopse\" class=\"right-text\">\n<p>O Professor Jorge convidou os nossos her\u00f3is a visitar as ru\u00ednas de Con\u00edmbriga e representarem algumas figuras romanas na recria\u00e7\u00e3o hist\u00f3rica que ali se realiza todos os anos. O Chico, como gladiador romano, ficou de defrontar o Drag\u00e3o, tamb\u00e9m figurante de gladiador, e que, por sinal, al\u00e9m de ser chefe de uma quadrilha \u00e9 tamb\u00e9m muito mal-encarado.<\/p>\n<p>A luta entre os dois gladiadores torna-se mais violenta e o Jo\u00e3o, que pensa que a luta est\u00e1 a ser mais a s\u00e9rio do que deveria ser, mandou uma pedrada ao Drag\u00e3o, que n\u00e3o gostou nada e decidiu, no fim do combate, perseguir os nossos amigos para ajustar contas. Eles tiveram que se refugiar na tenda vermelha de L\u00edria, a guardi\u00e3, que guarda alguns segredos. Ela conta-lhes a exist\u00eancia do tesouro dos Val\u00e9rios, cujo enigma para o descobrir se encontra na Casa dos Repuxos.<\/p>\n<p>N\u00e3o sabemos se existe ou n\u00e3o um tesouro, mas os elementos da quadrilha do Drag\u00e3o, que estavam junto da tenda vermelha, ouviram a L\u00edria a contar a hist\u00f3ria, e v\u00e3o fazer tudo para que sejam eles a apanhar o tesouro. Uma trama cheia de perip\u00e9cias que se vai desenrolar nas ru\u00ednas romanas de Con\u00edmbriga e com a ajuda de um arque\u00f3logo que trabalha nas escava\u00e7\u00f5es e que por acaso at\u00e9 \u00e9 um descendente dos Val\u00e9rios tudo se resolver\u00e1 a favor dos nossos her\u00f3is.<\/p>\n<\/div>\n","protected":false},"featured_media":4368,"template":"","meta":{"_monsterinsights_skip_tracking":false,"_monsterinsights_sitenote_active":false,"_monsterinsights_sitenote_note":"","_monsterinsights_sitenote_category":0},"product_cat":[135],"product_tag":[],"class_list":{"0":"post-4367","1":"product","2":"type-product","3":"status-publish","4":"has-post-thumbnail","6":"product_cat-infantil","7":"pa_book-author-ana-maria-magalhaes","8":"pa_book-author-isabel-alcada","10":"first","11":"outofstock","12":"shipping-taxable","13":"purchasable","14":"product-type-simple"},"_links":{"self":[{"href":"https:\/\/mabuko.co.mz\/site\/index.php?rest_route=\/wp\/v2\/product\/4367","targetHints":{"allow":["GET"]}}],"collection":[{"href":"https:\/\/mabuko.co.mz\/site\/index.php?rest_route=\/wp\/v2\/product"}],"about":[{"href":"https:\/\/mabuko.co.mz\/site\/index.php?rest_route=\/wp\/v2\/types\/product"}],"wp:featuredmedia":[{"embeddable":true,"href":"https:\/\/mabuko.co.mz\/site\/index.php?rest_route=\/wp\/v2\/media\/4368"}],"wp:attachment":[{"href":"https:\/\/mabuko.co.mz\/site\/index.php?rest_route=%2Fwp%2Fv2%2Fmedia&parent=4367"}],"wp:term":[{"taxonomy":"product_cat","embeddable":true,"href":"https:\/\/mabuko.co.mz\/site\/index.php?rest_route=%2Fwp%2Fv2%2Fproduct_cat&post=4367"},{"taxonomy":"product_tag","embeddable":true,"href":"https:\/\/mabuko.co.mz\/site\/index.php?rest_route=%2Fwp%2Fv2%2Fproduct_tag&post=4367"}],"curies":[{"name":"wp","href":"https:\/\/api.w.org\/{rel}","templated":true}]}}