{"id":4363,"date":"2022-06-27T13:49:47","date_gmt":"2022-06-27T13:49:47","guid":{"rendered":"https:\/\/mabuko.co.mz\/?post_type=product&#038;p=4363"},"modified":"2022-12-21T10:21:38","modified_gmt":"2022-12-21T10:21:38","slug":"after-depois-da-verdade-livro-2","status":"publish","type":"product","link":"https:\/\/mabuko.co.mz\/site\/?product=after-depois-da-verdade-livro-2","title":{"rendered":"AFTER DEPOIS DA VERDADE LIVRO 2"},"content":{"rendered":"<p>Anna Tood<\/p>\n<p>9789722356190<\/p>\n","protected":false},"excerpt":{"rendered":"<p><strong>SINOPSE<\/strong><\/p>\n<p>Depois de um tumultuoso in\u00edcio de rela\u00e7\u00e3o, tudo indicava que Tessa e Hardin iriam conseguir ficar juntos. Mas quando Tessa descobre o terr\u00edvel segredo que Hardin esconde, a revela\u00e7\u00e3o deixa-a destro\u00e7ada. Ser\u00e1 que ele \u00e9 mesmo o rapaz sens\u00edvel e atencioso por quem Tessase apaixonou ou, afinal, nunca passou de um estranho agressivo e revoltado? A decis\u00e3o certa parece ser afastar-se de Hardin e seguir o seu caminho, mas Tessa n\u00e3o consegue esquecer as noites arrebatadoras e apaixonantes passadas nos bra\u00e7os dele. Por seu lado, Hardin sabe que cometeu um erro, possivelmente o maior erro da sua vida, mas recusa-se a desistir sem lutar pela \u00fanica pessoa que alguma vez amou. Ser\u00e1 que ele \u00e9 capaz de mudar\u2026 por amor? After &#8211; Livro 2 \u00e9 a continua\u00e7\u00e3o de uma s\u00e9rie criada por Anna Todd cujos personagens s\u00e3o inspirados na banda brit\u00e2nica One Direction.<\/p>\n","protected":false},"featured_media":4364,"template":"","meta":{"_monsterinsights_skip_tracking":false,"_monsterinsights_sitenote_active":false,"_monsterinsights_sitenote_note":"","_monsterinsights_sitenote_category":0},"product_cat":[103],"product_tag":[],"class_list":{"0":"post-4363","1":"product","2":"type-product","3":"status-publish","4":"has-post-thumbnail","6":"product_cat-literatura","7":"pa_book-author-anna-todd","9":"first","10":"instock","11":"shipping-taxable","12":"purchasable","13":"product-type-simple"},"_links":{"self":[{"href":"https:\/\/mabuko.co.mz\/site\/index.php?rest_route=\/wp\/v2\/product\/4363","targetHints":{"allow":["GET"]}}],"collection":[{"href":"https:\/\/mabuko.co.mz\/site\/index.php?rest_route=\/wp\/v2\/product"}],"about":[{"href":"https:\/\/mabuko.co.mz\/site\/index.php?rest_route=\/wp\/v2\/types\/product"}],"wp:featuredmedia":[{"embeddable":true,"href":"https:\/\/mabuko.co.mz\/site\/index.php?rest_route=\/wp\/v2\/media\/4364"}],"wp:attachment":[{"href":"https:\/\/mabuko.co.mz\/site\/index.php?rest_route=%2Fwp%2Fv2%2Fmedia&parent=4363"}],"wp:term":[{"taxonomy":"product_cat","embeddable":true,"href":"https:\/\/mabuko.co.mz\/site\/index.php?rest_route=%2Fwp%2Fv2%2Fproduct_cat&post=4363"},{"taxonomy":"product_tag","embeddable":true,"href":"https:\/\/mabuko.co.mz\/site\/index.php?rest_route=%2Fwp%2Fv2%2Fproduct_tag&post=4363"}],"curies":[{"name":"wp","href":"https:\/\/api.w.org\/{rel}","templated":true}]}}