{"id":4357,"date":"2022-06-27T13:33:41","date_gmt":"2022-06-27T13:33:41","guid":{"rendered":"https:\/\/mabuko.co.mz\/?post_type=product&#038;p=4357"},"modified":"2023-01-13T14:31:35","modified_gmt":"2023-01-13T14:31:35","slug":"nos-os-dois-na-lua","status":"publish","type":"product","link":"https:\/\/mabuko.co.mz\/site\/?product=nos-os-dois-na-lua","title":{"rendered":"N\u00d3S OS DOIS NA LUA"},"content":{"rendered":"<p>Allice kellen<\/p>\n<p>9789722368728<\/p>\n","protected":false},"excerpt":{"rendered":"<div id=\"productPageSectionAboutBook-sinopseTitle\" class=\"right-title\"><strong>SINOPSE<\/strong><\/div>\n<div id=\"productPageSectionAboutBook-sinopse\" class=\"right-text\">\n<p>N\u00e3o h\u00e1 nada mais eterno do que um encontro fugaz. Eles conheceram-se em Paris. Os seus caminhos v\u00e3o juntar-se\u2026 para sempre?<\/p>\n<p>Quando Rhys e Ginger se encontram nas ruas da Cidade Luz, est\u00e3o longe de imaginar que as suas vidas ficar\u00e3o unidas para sempre, apesar de serem t\u00e3o diferentes e de viverem t\u00e3o distantes um do outro. Ela est\u00e1 em Londres e, \u00e0s vezes, sente-se de tal forma perdida, que at\u00e9 dos seus sonhos se esquece. Ele \u00e9 incapaz de se fixar num lugar e acha que se conhece muito bem a si pr\u00f3prio. Noite ap\u00f3s noite, a amizade entre Rhys e Ginger cresce mais um bocadinho. Trocam e-mails cheios de confid\u00eancias, d\u00favidas e inquieta\u00e7\u00f5es.<\/p>\n<p>Apesar da dist\u00e2ncia que os separa, cada um deles v\u00ea a mesma Lua. Mas o que pode acontecer quando o tempo p\u00f5e \u00e0 prova a rela\u00e7\u00e3o de Rhys e Ginger?<\/p>\n<p>Esta \u00e9 uma hist\u00f3ria inesquec\u00edvel sobre o amor, o destino e a procura de n\u00f3s pr\u00f3prios.<\/p>\n<\/div>\n","protected":false},"featured_media":4358,"template":"","meta":{"_monsterinsights_skip_tracking":false,"_monsterinsights_sitenote_active":false,"_monsterinsights_sitenote_note":"","_monsterinsights_sitenote_category":0},"product_cat":[103],"product_tag":[],"class_list":{"0":"post-4357","1":"product","2":"type-product","3":"status-publish","4":"has-post-thumbnail","6":"product_cat-literatura","7":"pa_book-author-alice-kellen","9":"first","10":"instock","11":"shipping-taxable","12":"purchasable","13":"product-type-simple"},"_links":{"self":[{"href":"https:\/\/mabuko.co.mz\/site\/index.php?rest_route=\/wp\/v2\/product\/4357","targetHints":{"allow":["GET"]}}],"collection":[{"href":"https:\/\/mabuko.co.mz\/site\/index.php?rest_route=\/wp\/v2\/product"}],"about":[{"href":"https:\/\/mabuko.co.mz\/site\/index.php?rest_route=\/wp\/v2\/types\/product"}],"wp:featuredmedia":[{"embeddable":true,"href":"https:\/\/mabuko.co.mz\/site\/index.php?rest_route=\/wp\/v2\/media\/4358"}],"wp:attachment":[{"href":"https:\/\/mabuko.co.mz\/site\/index.php?rest_route=%2Fwp%2Fv2%2Fmedia&parent=4357"}],"wp:term":[{"taxonomy":"product_cat","embeddable":true,"href":"https:\/\/mabuko.co.mz\/site\/index.php?rest_route=%2Fwp%2Fv2%2Fproduct_cat&post=4357"},{"taxonomy":"product_tag","embeddable":true,"href":"https:\/\/mabuko.co.mz\/site\/index.php?rest_route=%2Fwp%2Fv2%2Fproduct_tag&post=4357"}],"curies":[{"name":"wp","href":"https:\/\/api.w.org\/{rel}","templated":true}]}}