{"id":4355,"date":"2022-06-27T13:27:43","date_gmt":"2022-06-27T13:27:43","guid":{"rendered":"https:\/\/mabuko.co.mz\/?post_type=product&#038;p=4355"},"modified":"2022-12-21T12:04:24","modified_gmt":"2022-12-21T12:04:24","slug":"nao-fales-nisso","status":"publish","type":"product","link":"https:\/\/mabuko.co.mz\/site\/?product=nao-fales-nisso","title":{"rendered":"N\u00c3O FALES NISSO"},"content":{"rendered":"<p>Estelle Maskame<\/p>\n<p>9789722367059<\/p>\n<p>&nbsp;<\/p>\n","protected":false},"excerpt":{"rendered":"<div id=\"productPageSectionAboutBook-sinopseTitle\" class=\"right-title\"><strong>SINOPSE<\/strong><\/div>\n<div id=\"productPageSectionAboutBook-sinopse\" class=\"right-text\">\n<p>O livro do qual todos os leitores da trilogia J\u00e1 Te Disse Que Te Amo? t\u00eam estado \u00e0 espera&#8230; a hist\u00f3ria de Tyler!<br \/>\nTyler Bruce \u00e9 o mi\u00fado rebelde que s\u00f3 faz disparates e que os leitores de J\u00e1 Te Disse Que Te Amo? conhecem e adoram. Agora, v\u00e3o poder ler a sua hist\u00f3ria, nas suas pr\u00f3prias palavras.<br \/>\nN\u00e3o Fales Nisso \u00e9 contado da perspectiva de Tyler, como mi\u00fado de 12 anos que \u00e9 f\u00edsica e psicologicamente maltratado pelo pai, e tamb\u00e9m enquanto rebelde de 17 anos que se apaixona perdidamente por \u00c9den.<\/p>\n<p>Alternando entre estes dois horizontes temporais de passado e presente, vamos finalmente ficar a conhecer a verdadeira hist\u00f3ria por detr\u00e1s da enigm\u00e1tica fachada de Tyler. Revelando os seus pensamentos mais \u00edntimos sobre o pai, a m\u00e3e, Tiffani e Eden, este \u00e9 o Tyler que nunca t\u00ednhamos visto. Mas o mais importante \u00e9 que ficamos a saber porque \u00e9 que se tornou na pessoa furiosa e auto-destrutiva que conhecemos pela primeira vez em J\u00e1 Te Disse Que Te Amo?<\/p>\n<p>Extremamente comovente e profundamente viciante, N\u00e3o Fales Nisso d\u00e1 voz a uma das personagens mais adoradas da trilogia de Estelle Maskame.<\/p>\n<\/div>\n","protected":false},"featured_media":4356,"template":"","meta":{"_monsterinsights_skip_tracking":false,"_monsterinsights_sitenote_active":false,"_monsterinsights_sitenote_note":"","_monsterinsights_sitenote_category":0},"product_cat":[103],"product_tag":[],"class_list":{"0":"post-4355","1":"product","2":"type-product","3":"status-publish","4":"has-post-thumbnail","6":"product_cat-literatura","7":"pa_book-author-estelle-maskame","9":"first","10":"instock","11":"shipping-taxable","12":"purchasable","13":"product-type-simple"},"_links":{"self":[{"href":"https:\/\/mabuko.co.mz\/site\/index.php?rest_route=\/wp\/v2\/product\/4355","targetHints":{"allow":["GET"]}}],"collection":[{"href":"https:\/\/mabuko.co.mz\/site\/index.php?rest_route=\/wp\/v2\/product"}],"about":[{"href":"https:\/\/mabuko.co.mz\/site\/index.php?rest_route=\/wp\/v2\/types\/product"}],"wp:featuredmedia":[{"embeddable":true,"href":"https:\/\/mabuko.co.mz\/site\/index.php?rest_route=\/wp\/v2\/media\/4356"}],"wp:attachment":[{"href":"https:\/\/mabuko.co.mz\/site\/index.php?rest_route=%2Fwp%2Fv2%2Fmedia&parent=4355"}],"wp:term":[{"taxonomy":"product_cat","embeddable":true,"href":"https:\/\/mabuko.co.mz\/site\/index.php?rest_route=%2Fwp%2Fv2%2Fproduct_cat&post=4355"},{"taxonomy":"product_tag","embeddable":true,"href":"https:\/\/mabuko.co.mz\/site\/index.php?rest_route=%2Fwp%2Fv2%2Fproduct_tag&post=4355"}],"curies":[{"name":"wp","href":"https:\/\/api.w.org\/{rel}","templated":true}]}}