{"id":4353,"date":"2022-06-27T13:17:07","date_gmt":"2022-06-27T13:17:07","guid":{"rendered":"https:\/\/mabuko.co.mz\/?post_type=product&#038;p=4353"},"modified":"2022-12-21T12:48:57","modified_gmt":"2022-12-21T12:48:57","slug":"uma-vida-perfeita","status":"publish","type":"product","link":"https:\/\/mabuko.co.mz\/site\/?product=uma-vida-perfeita","title":{"rendered":"UMA VIDA PERFEITA"},"content":{"rendered":"<p>Daniel Steel<\/p>\n<p>9789722535953<\/p>\n","protected":false},"excerpt":{"rendered":"<div id=\"productPageSectionAboutBook-sinopseTitle\" class=\"right-title\"><strong>SINOPSE<\/strong><\/div>\n<div id=\"productPageSectionAboutBook-sinopse\" class=\"right-text\">\n<p>Aos 47 anos, Blaise McCarthy \u00e9 uma brilhante jornalista televisiva que parece ter tudo: beleza, intelig\u00eancia e coragem. Mas, por tr\u00e1s desta imagem triunfante, h\u00e1 outras coisas que guarda consigo\u2026 Do seu segundo casamento, teve uma filha, Salima, que ficou cega por causa da diabetes. Esta vive durante todo o ano numa institui\u00e7\u00e3o especializada, o que permite a Blaise concentrar-se na sua carreira. Por\u00e9m, um imprevisto determina que Salima tenha de voltar para casa da m\u00e3e. Os mundos, pessoal e profissional, de Blaise colidem e os seus segredos mais bem guardados ficam expostos. De repente, a sua vida deixa de ser perfeita e torna-se real. M\u00e3e e filha juntas ser\u00e3o capazes de enfrentar um mundo que n\u00e3o conseguem controlar?<\/p>\n<\/div>\n","protected":false},"featured_media":4354,"template":"","meta":{"_monsterinsights_skip_tracking":false,"_monsterinsights_sitenote_active":false,"_monsterinsights_sitenote_note":"","_monsterinsights_sitenote_category":0},"product_cat":[103,105],"product_tag":[],"class_list":{"0":"post-4353","1":"product","2":"type-product","3":"status-publish","4":"has-post-thumbnail","6":"product_cat-literatura","7":"product_cat-romance","8":"pa_book-author-danielle-steel","10":"first","11":"instock","12":"shipping-taxable","13":"purchasable","14":"product-type-simple"},"_links":{"self":[{"href":"https:\/\/mabuko.co.mz\/site\/index.php?rest_route=\/wp\/v2\/product\/4353","targetHints":{"allow":["GET"]}}],"collection":[{"href":"https:\/\/mabuko.co.mz\/site\/index.php?rest_route=\/wp\/v2\/product"}],"about":[{"href":"https:\/\/mabuko.co.mz\/site\/index.php?rest_route=\/wp\/v2\/types\/product"}],"wp:featuredmedia":[{"embeddable":true,"href":"https:\/\/mabuko.co.mz\/site\/index.php?rest_route=\/wp\/v2\/media\/4354"}],"wp:attachment":[{"href":"https:\/\/mabuko.co.mz\/site\/index.php?rest_route=%2Fwp%2Fv2%2Fmedia&parent=4353"}],"wp:term":[{"taxonomy":"product_cat","embeddable":true,"href":"https:\/\/mabuko.co.mz\/site\/index.php?rest_route=%2Fwp%2Fv2%2Fproduct_cat&post=4353"},{"taxonomy":"product_tag","embeddable":true,"href":"https:\/\/mabuko.co.mz\/site\/index.php?rest_route=%2Fwp%2Fv2%2Fproduct_tag&post=4353"}],"curies":[{"name":"wp","href":"https:\/\/api.w.org\/{rel}","templated":true}]}}