{"id":4351,"date":"2022-06-27T13:09:58","date_gmt":"2022-06-27T13:09:58","guid":{"rendered":"https:\/\/mabuko.co.mz\/?post_type=product&#038;p=4351"},"modified":"2022-12-21T12:53:34","modified_gmt":"2022-12-21T12:53:34","slug":"asterix-o-gaules","status":"publish","type":"product","link":"https:\/\/mabuko.co.mz\/site\/?product=asterix-o-gaules","title":{"rendered":"AST\u00c9RIX O GAULES"},"content":{"rendered":"<p>Albert Uderzo<\/p>\n<p>Rene Goscinny<\/p>\n","protected":false},"excerpt":{"rendered":"<div id=\"productPageSectionAboutBook-sinopseTitle\" class=\"right-title\"><strong>SINOPSE<\/strong><\/div>\n<div id=\"productPageSectionAboutBook-sinopse\" class=\"right-text\">\n<p><em>Estamos no ano 50 a.C.. Toda a G\u00e1lia est\u00e1 ocupada pelos Romanos\u2026 Toda? N\u00e3o! Uma aldeia povoada por irredut\u00edveis Gauleses resiste agora e sempre ao invasor.<\/em><\/p>\n<p>Como \u00e9 poss\u00edvel que uma min\u00fascula aldeia perdida algures na G\u00e1lia consiga resistir a t\u00e3o poderoso ex\u00e9rcito? O que a torna invenc\u00edvel? Parte da resposta est\u00e1 na receita da po\u00e7\u00e3o m\u00e1gica, preparada por Panoramix, o druida.<br \/>\nAmbicionando depor Cais C\u00e9sar, Caius Bonus e o seu decuri\u00e3o Sacapulgus decidem raptar Panoramix para lhe ser extorquida a c\u00e9lebre receita. Inicia-se assim esta aventura de Ast\u00e9rix e do seu insepar\u00e1vel companheiro Ob\u00e9lix, que t\u00eam por miss\u00e3o resgatar Panoramix das m\u00e3os dos romanos e traz\u00ea-lo de volta \u00e0 G\u00e1lia.<\/p>\n<p>Curiosidade:<br \/>\nA p\u00e1gina 35 de todas as vers\u00f5es de Ast\u00e9rix, o Gaul\u00eas, com a excep\u00e7\u00e3o da inglesa, tem uma hist\u00f3ria curiosa. Como a prancha original se perdeu e era necess\u00e1ria para uma nova impress\u00e3o do \u00e1lbum, foi repintada na \u00edntegra por Marcel Uderzo, irm\u00e3o de Albert Uderzo, em 1970. Albert tinha treinado Marcel para que este o pudesse ajudar na colora\u00e7\u00e3o. Esta p\u00e1gina \u00e9 a \u00fanica prancha de Ast\u00e9rix n\u00e3o pintada por Albert Uderzo. Olhando com aten\u00e7\u00e3o, podem ver-se algumas diferen\u00e7as, comparativamente a outras p\u00e1ginas do \u00e1lbum.<\/p>\n<p>A primeira edi\u00e7\u00e3o da ASA incluir\u00e1 dois autocolantes que completam o poster inserido no t\u00edtulo Ast\u00e9rix nos Jogos Ol\u00edmpicos.<\/p>\n<\/div>\n","protected":false},"featured_media":4352,"template":"","meta":{"_monsterinsights_skip_tracking":false,"_monsterinsights_sitenote_active":false,"_monsterinsights_sitenote_note":"","_monsterinsights_sitenote_category":0},"product_cat":[205],"product_tag":[],"class_list":{"0":"post-4351","1":"product","2":"type-product","3":"status-publish","4":"has-post-thumbnail","6":"product_cat-banda-desenhada","7":"pa_book-author-albert-uderzo","8":"pa_book-author-rene-goscinny","10":"first","11":"outofstock","12":"shipping-taxable","13":"purchasable","14":"product-type-simple"},"_links":{"self":[{"href":"https:\/\/mabuko.co.mz\/site\/index.php?rest_route=\/wp\/v2\/product\/4351","targetHints":{"allow":["GET"]}}],"collection":[{"href":"https:\/\/mabuko.co.mz\/site\/index.php?rest_route=\/wp\/v2\/product"}],"about":[{"href":"https:\/\/mabuko.co.mz\/site\/index.php?rest_route=\/wp\/v2\/types\/product"}],"wp:featuredmedia":[{"embeddable":true,"href":"https:\/\/mabuko.co.mz\/site\/index.php?rest_route=\/wp\/v2\/media\/4352"}],"wp:attachment":[{"href":"https:\/\/mabuko.co.mz\/site\/index.php?rest_route=%2Fwp%2Fv2%2Fmedia&parent=4351"}],"wp:term":[{"taxonomy":"product_cat","embeddable":true,"href":"https:\/\/mabuko.co.mz\/site\/index.php?rest_route=%2Fwp%2Fv2%2Fproduct_cat&post=4351"},{"taxonomy":"product_tag","embeddable":true,"href":"https:\/\/mabuko.co.mz\/site\/index.php?rest_route=%2Fwp%2Fv2%2Fproduct_tag&post=4351"}],"curies":[{"name":"wp","href":"https:\/\/api.w.org\/{rel}","templated":true}]}}