{"id":4349,"date":"2022-06-27T12:57:26","date_gmt":"2022-06-27T12:57:26","guid":{"rendered":"https:\/\/mabuko.co.mz\/?post_type=product&#038;p=4349"},"modified":"2022-12-21T12:54:48","modified_gmt":"2022-12-21T12:54:48","slug":"o-segredo","status":"publish","type":"product","link":"https:\/\/mabuko.co.mz\/site\/?product=o-segredo","title":{"rendered":"O SEGREDO"},"content":{"rendered":"","protected":false},"excerpt":{"rendered":"<p><strong>SINOPSE<\/strong><\/p>\n<div id=\"productPageSectionAboutBook-sinopse\" class=\"right-text\">\n<p>A autora, Rhonda Byrne, descobriu que a maioria das pessoas que t\u00eam ou tiveram sucesso conheciam um Grande Segredo, e d\u00e1 exemplos que v\u00e3o desde Einstein a Galileu Galilei. A partir dessa descoberta, ela foi procurar pessoas que actualmente conhecessem o Segredo e vivessem de acordo com ele (como por exemplo o autor de\u00a0<i>Conversas com Deus<\/i>\u00a0ou o autor de\u00a0<i>Os Homens S\u00e3o de Marte as Mulheres S\u00e3o de V\u00e9nus<\/i>). Falou com elas, entrevistou-as, e atrav\u00e9s do testemunho delas vai explicando no livro a &#8220;lei da atrac\u00e7\u00e3o&#8221;: n\u00f3s atra\u00edmos aquilo que queremos atrair e, se queremos atrair o sucesso, conseguimos atrair o sucesso.<\/p>\n<\/div>\n","protected":false},"featured_media":4350,"template":"","meta":{"_monsterinsights_skip_tracking":false,"_monsterinsights_sitenote_active":false,"_monsterinsights_sitenote_note":"","_monsterinsights_sitenote_category":0},"product_cat":[108],"product_tag":[],"class_list":{"0":"post-4349","1":"product","2":"type-product","3":"status-publish","4":"has-post-thumbnail","6":"product_cat-auto-ajuda","7":"pa_book-author-rhonda-byrne","9":"first","10":"outofstock","11":"shipping-taxable","12":"purchasable","13":"product-type-simple"},"_links":{"self":[{"href":"https:\/\/mabuko.co.mz\/site\/index.php?rest_route=\/wp\/v2\/product\/4349","targetHints":{"allow":["GET"]}}],"collection":[{"href":"https:\/\/mabuko.co.mz\/site\/index.php?rest_route=\/wp\/v2\/product"}],"about":[{"href":"https:\/\/mabuko.co.mz\/site\/index.php?rest_route=\/wp\/v2\/types\/product"}],"wp:featuredmedia":[{"embeddable":true,"href":"https:\/\/mabuko.co.mz\/site\/index.php?rest_route=\/wp\/v2\/media\/4350"}],"wp:attachment":[{"href":"https:\/\/mabuko.co.mz\/site\/index.php?rest_route=%2Fwp%2Fv2%2Fmedia&parent=4349"}],"wp:term":[{"taxonomy":"product_cat","embeddable":true,"href":"https:\/\/mabuko.co.mz\/site\/index.php?rest_route=%2Fwp%2Fv2%2Fproduct_cat&post=4349"},{"taxonomy":"product_tag","embeddable":true,"href":"https:\/\/mabuko.co.mz\/site\/index.php?rest_route=%2Fwp%2Fv2%2Fproduct_tag&post=4349"}],"curies":[{"name":"wp","href":"https:\/\/api.w.org\/{rel}","templated":true}]}}