{"id":4348,"date":"2022-06-27T12:23:12","date_gmt":"2022-06-27T12:23:12","guid":{"rendered":"https:\/\/mabuko.co.mz\/?post_type=product&#038;p=4348"},"modified":"2023-01-13T14:32:28","modified_gmt":"2023-01-13T14:32:28","slug":"photar-mocambique","status":"publish","type":"product","link":"https:\/\/mabuko.co.mz\/site\/?product=photar-mocambique","title":{"rendered":"PHOTAR MO\u00c7AMBIQUE"},"content":{"rendered":"<p>Paulo Alexandre<\/p>\n<p>9789720063502<\/p>\n","protected":false},"excerpt":{"rendered":"<div id=\"productPageSectionAboutBook-sinopseTitle\" class=\"right-title\"><strong>SINOPSE<\/strong><\/div>\n<div id=\"productPageSectionAboutBook-sinopse\" class=\"right-text\">\n<p>&#8220;O paradoxo \u00e9 este: \u00e0s vezes, deixamos de ver por j\u00e1 termos visto. (&#8230;)<br \/>\nConfirmei essa invis\u00edvel cegueira quando me deparei com as fotografias de Paulo Alexandre. Que pa\u00eds era esse que era o meu e que eu nunca tinha visto antes? Que lugares eram aqueles, simultaneamente familiares e estranhos? Que gente era aquela t\u00e3o in\u00e9dita e t\u00e3o nossa? (&#8230;) Posso dizer que conhe\u00e7o muitos dos Mo\u00e7ambiques que h\u00e1 dentro de Mo\u00e7ambique. (&#8230;) Mas eu nunca me compenetrei do quanto faltava ver. Nunca fiz a viagem que Paulo Alexandre realizou por recantos que nasceram menos da realidade do que do seu pr\u00f3prio olhar encantado. (&#8230;)<br \/>\n\u00c9 esta a d\u00edvida com que ficamos para com Paulo Alexandre: o fot\u00f3grafo ensina-nos a descobrir a nossa pr\u00f3pria casa, revela-nos aquilo que, afinal, j\u00e1 \u00e9ramos. E faz-nos viver aquilo que, mesmo antes, j\u00e1 era a nossa pr\u00f3pria vida.<\/p>\n<\/div>\n","protected":false},"featured_media":4336,"template":"","meta":{"_monsterinsights_skip_tracking":false,"_monsterinsights_sitenote_active":false,"_monsterinsights_sitenote_note":"","_monsterinsights_sitenote_category":0},"product_cat":[237,238],"product_tag":[],"class_list":{"0":"post-4348","1":"product","2":"type-product","3":"status-publish","4":"has-post-thumbnail","6":"product_cat-arte","7":"product_cat-fotografia","8":"pa_book-author-paulo-alexandre","10":"first","11":"outofstock","12":"shipping-taxable","13":"purchasable","14":"product-type-simple"},"_links":{"self":[{"href":"https:\/\/mabuko.co.mz\/site\/index.php?rest_route=\/wp\/v2\/product\/4348","targetHints":{"allow":["GET"]}}],"collection":[{"href":"https:\/\/mabuko.co.mz\/site\/index.php?rest_route=\/wp\/v2\/product"}],"about":[{"href":"https:\/\/mabuko.co.mz\/site\/index.php?rest_route=\/wp\/v2\/types\/product"}],"wp:featuredmedia":[{"embeddable":true,"href":"https:\/\/mabuko.co.mz\/site\/index.php?rest_route=\/wp\/v2\/media\/4336"}],"wp:attachment":[{"href":"https:\/\/mabuko.co.mz\/site\/index.php?rest_route=%2Fwp%2Fv2%2Fmedia&parent=4348"}],"wp:term":[{"taxonomy":"product_cat","embeddable":true,"href":"https:\/\/mabuko.co.mz\/site\/index.php?rest_route=%2Fwp%2Fv2%2Fproduct_cat&post=4348"},{"taxonomy":"product_tag","embeddable":true,"href":"https:\/\/mabuko.co.mz\/site\/index.php?rest_route=%2Fwp%2Fv2%2Fproduct_tag&post=4348"}],"curies":[{"name":"wp","href":"https:\/\/api.w.org\/{rel}","templated":true}]}}