{"id":4340,"date":"2022-06-27T07:53:06","date_gmt":"2022-06-27T07:53:06","guid":{"rendered":"https:\/\/mabuko.co.mz\/?post_type=product&#038;p=4340"},"modified":"2023-01-13T14:33:52","modified_gmt":"2023-01-13T14:33:52","slug":"kamasutra-gay","status":"publish","type":"product","link":"https:\/\/mabuko.co.mz\/site\/?product=kamasutra-gay","title":{"rendered":"KAMASUTRA GAY"},"content":{"rendered":"<p>Alicia Gallotti<\/p>\n<p>9789722027328<\/p>\n","protected":false},"excerpt":{"rendered":"<p><strong>SINOPSE<\/strong><\/p>\n<p>Alicia Galloti, Jornalista, escritora e articulista, durante mais de dez anos, da revista Playboy, \u00e9 especialista em sexologia e rela\u00e7\u00f5es interpessoais. Colaborou em diversas publica\u00e7\u00f5es femininas espanholas e programas de r\u00e1dio, nas quais aborda temas sexuais, tanto do ponto de vista pr\u00e1tico como psicol\u00f3gico. Entre os seus t\u00edtulos mais recentes, destacam-se, para al\u00e9m de KAMASUTRA GAY, O Novo Kamasutra Ilustrado, um livro que em menos de um ano se tornou um enorme sucesso editorial, Prazer sem Limites, Kamasutra Para a Mulher, Kamasutra Para o Homem, Kamasutra e Outras T\u00e9cnicas Orientais e Guia Sexual Para Adolescentes<\/p>\n","protected":false},"featured_media":4341,"template":"","meta":{"_monsterinsights_skip_tracking":false,"_monsterinsights_sitenote_active":false,"_monsterinsights_sitenote_note":"","_monsterinsights_sitenote_category":0},"product_cat":[233,234],"product_tag":[],"class_list":{"0":"post-4340","1":"product","2":"type-product","3":"status-publish","4":"has-post-thumbnail","6":"product_cat-livros-praticos","7":"product_cat-saude-bem-estar","8":"pa_book-author-alicia-gallotti","10":"first","11":"outofstock","12":"shipping-taxable","13":"purchasable","14":"product-type-simple"},"_links":{"self":[{"href":"https:\/\/mabuko.co.mz\/site\/index.php?rest_route=\/wp\/v2\/product\/4340","targetHints":{"allow":["GET"]}}],"collection":[{"href":"https:\/\/mabuko.co.mz\/site\/index.php?rest_route=\/wp\/v2\/product"}],"about":[{"href":"https:\/\/mabuko.co.mz\/site\/index.php?rest_route=\/wp\/v2\/types\/product"}],"wp:featuredmedia":[{"embeddable":true,"href":"https:\/\/mabuko.co.mz\/site\/index.php?rest_route=\/wp\/v2\/media\/4341"}],"wp:attachment":[{"href":"https:\/\/mabuko.co.mz\/site\/index.php?rest_route=%2Fwp%2Fv2%2Fmedia&parent=4340"}],"wp:term":[{"taxonomy":"product_cat","embeddable":true,"href":"https:\/\/mabuko.co.mz\/site\/index.php?rest_route=%2Fwp%2Fv2%2Fproduct_cat&post=4340"},{"taxonomy":"product_tag","embeddable":true,"href":"https:\/\/mabuko.co.mz\/site\/index.php?rest_route=%2Fwp%2Fv2%2Fproduct_tag&post=4340"}],"curies":[{"name":"wp","href":"https:\/\/api.w.org\/{rel}","templated":true}]}}