{"id":4338,"date":"2022-06-27T07:39:08","date_gmt":"2022-06-27T07:39:08","guid":{"rendered":"https:\/\/mabuko.co.mz\/?post_type=product&#038;p=4338"},"modified":"2023-01-13T14:32:49","modified_gmt":"2023-01-13T14:32:49","slug":"the-secret-letters-of-a-psychotherapist","status":"publish","type":"product","link":"https:\/\/mabuko.co.mz\/site\/?product=the-secret-letters-of-a-psychotherapist","title":{"rendered":"The Secret Letters of a Psychotherapist"},"content":{"rendered":"<p>Sharlene Sema Raston<\/p>\n<p>9781651470732<\/p>\n","protected":false},"excerpt":{"rendered":"<p><strong>SINOPSE<\/strong><\/p>\n<p>Sharlene Sema Raston \u00e9 autora do livro \u2018\u2019On the Road to Enlightenment\u2019\u2019, Licensed Life Coach e PNL Practitioner, Cognitive Behavioral Therapist and Hypnotherapist e especializada em avalia\u00e7\u00f5es psicol\u00f3gicas. Ela \u00e9 apaixonada pela filosofia oriental e seu principal objectivo como psicoterap\u00eautico \u00e9 permitir que cada indiv\u00edduo que cruze seu caminho tenha acesso \u00e0s ferramentas de mudan\u00e7a de vida e permita que eles se tornem seus pr\u00f3prios terapeutas. ela escolheu escrever &#8221;As Cartas Secretas de um Psico-terapeuta&#8221;, inspirada em hist\u00f3rias reais das quais ela fornece insights personalizados e recomenda\u00e7\u00f5es para uma grande quantidade de condi\u00e7\u00f5es, estados e lutas que enfrentamos em nossas vidas di\u00e1rias. Este livro foi escrito como um guia para voc\u00ea, com informa\u00e7\u00f5es altamente privilegiadas para permitir que voc\u00ea enfrente seus obst\u00e1culos de maneira esclarecida. Escolher o crescimento sem a dedica\u00e7\u00e3o necess\u00e1ria equivale a querer frutos sem cuidar da \u00e1rvore ou sem \u00e1rvore por completo. No entanto, se voc\u00ea praticar as ferramentas e dedicar tempo ao crescimento pessoal, o crescimento \u00e9 inevit\u00e1vel. No outro dia ou no primeiro dia, voc\u00ea decide!<\/p>\n","protected":false},"featured_media":4339,"template":"","meta":{"_monsterinsights_skip_tracking":false,"_monsterinsights_sitenote_active":false,"_monsterinsights_sitenote_note":"","_monsterinsights_sitenote_category":0},"product_cat":[108],"product_tag":[],"class_list":{"0":"post-4338","1":"product","2":"type-product","3":"status-publish","4":"has-post-thumbnail","6":"product_cat-auto-ajuda","7":"pa_book-author-sharlene-sema-raston","9":"first","10":"outofstock","11":"shipping-taxable","12":"purchasable","13":"product-type-simple"},"_links":{"self":[{"href":"https:\/\/mabuko.co.mz\/site\/index.php?rest_route=\/wp\/v2\/product\/4338","targetHints":{"allow":["GET"]}}],"collection":[{"href":"https:\/\/mabuko.co.mz\/site\/index.php?rest_route=\/wp\/v2\/product"}],"about":[{"href":"https:\/\/mabuko.co.mz\/site\/index.php?rest_route=\/wp\/v2\/types\/product"}],"wp:featuredmedia":[{"embeddable":true,"href":"https:\/\/mabuko.co.mz\/site\/index.php?rest_route=\/wp\/v2\/media\/4339"}],"wp:attachment":[{"href":"https:\/\/mabuko.co.mz\/site\/index.php?rest_route=%2Fwp%2Fv2%2Fmedia&parent=4338"}],"wp:term":[{"taxonomy":"product_cat","embeddable":true,"href":"https:\/\/mabuko.co.mz\/site\/index.php?rest_route=%2Fwp%2Fv2%2Fproduct_cat&post=4338"},{"taxonomy":"product_tag","embeddable":true,"href":"https:\/\/mabuko.co.mz\/site\/index.php?rest_route=%2Fwp%2Fv2%2Fproduct_tag&post=4338"}],"curies":[{"name":"wp","href":"https:\/\/api.w.org\/{rel}","templated":true}]}}