{"id":4331,"date":"2022-06-27T07:09:02","date_gmt":"2022-06-27T07:09:02","guid":{"rendered":"https:\/\/mabuko.co.mz\/?post_type=product&#038;p=4331"},"modified":"2023-03-30T13:36:21","modified_gmt":"2023-03-30T13:36:21","slug":"inferno","status":"publish","type":"product","link":"https:\/\/mabuko.co.mz\/site\/?product=inferno","title":{"rendered":"INFERNO"},"content":{"rendered":"<p>Dan Brown<\/p>\n<p>9789722526449<\/p>\n","protected":false},"excerpt":{"rendered":"<div id=\"productPageSectionAboutBook-sinopseTitle\" class=\"right-title\"><strong>SINOPSE<\/strong><\/div>\n<div id=\"productPageSectionAboutBook-sinopse\" class=\"right-text\">\n<p>\u00abProcura e encontrar\u00e1s.\u00bb \u00c9 com o eco destas palavras na cabe\u00e7a que Robert Langdon, o reputado simbologista de Harvard, acorda numa cama de hospital sem se conseguir lembrar de onde est\u00e1 ou de como ali chegou. Tamb\u00e9m n\u00e3o sabe explicar a origem de certo objecto macabro encontrado escondido entre os seus pertences. Uma amea\u00e7a contra a sua vida ir\u00e1 lan\u00e7ar Langdon e uma jovem m\u00e9dica, Sienna Brooks, numa corrida alucinante pela cidade de Floren\u00e7a. A \u00fanica coisa que os pode salvar das garras dos desconhecidos que os perseguem \u00e9 o conhecimento que Langdon tem das passagens ocultas e dos segredos antigos que se escondem por detr\u00e1s das fachadas hist\u00f3ricas.<\/p>\n<p>Tendo como guia apenas alguns versos do Inferno, a obra-prima de Dante, \u00e9pica e negra, veem-se obrigados a decifrar uma sequ\u00eancia de c\u00f3digos encerrados em alguns dos artefactos mais c\u00e9lebres da Renascen\u00e7a &#8211; esculturas, quadros, edif\u00edcios -, de modo a encontrarem a solu\u00e7\u00e3o de um enigma que pode, ou n\u00e3o, ajud\u00e1-los a salvar o mundo de uma amea\u00e7a terr\u00edvel\u2026 Passado num cen\u00e1rio extraordin\u00e1rio, inspirado por um dos mais funestos cl\u00e1ssicos da literatura, Inferno \u00e9 o romance mais emocionante e provocador que Dan Brown j\u00e1 escreveu, uma corrida contra o tempo de cortar a respira\u00e7\u00e3o, que vai prender o leitor desde a primeira p\u00e1gina at\u00e9 fechar o livro no final.<\/p>\n<\/div>\n","protected":false},"featured_media":4332,"template":"","meta":{"_monsterinsights_skip_tracking":false,"_monsterinsights_sitenote_active":false,"_monsterinsights_sitenote_note":"","_monsterinsights_sitenote_category":0},"product_cat":[103,105],"product_tag":[],"class_list":{"0":"post-4331","1":"product","2":"type-product","3":"status-publish","4":"has-post-thumbnail","6":"product_cat-literatura","7":"product_cat-romance","8":"pa_book-author-dan-brown","10":"first","11":"outofstock","12":"shipping-taxable","13":"purchasable","14":"product-type-simple"},"_links":{"self":[{"href":"https:\/\/mabuko.co.mz\/site\/index.php?rest_route=\/wp\/v2\/product\/4331","targetHints":{"allow":["GET"]}}],"collection":[{"href":"https:\/\/mabuko.co.mz\/site\/index.php?rest_route=\/wp\/v2\/product"}],"about":[{"href":"https:\/\/mabuko.co.mz\/site\/index.php?rest_route=\/wp\/v2\/types\/product"}],"wp:featuredmedia":[{"embeddable":true,"href":"https:\/\/mabuko.co.mz\/site\/index.php?rest_route=\/wp\/v2\/media\/4332"}],"wp:attachment":[{"href":"https:\/\/mabuko.co.mz\/site\/index.php?rest_route=%2Fwp%2Fv2%2Fmedia&parent=4331"}],"wp:term":[{"taxonomy":"product_cat","embeddable":true,"href":"https:\/\/mabuko.co.mz\/site\/index.php?rest_route=%2Fwp%2Fv2%2Fproduct_cat&post=4331"},{"taxonomy":"product_tag","embeddable":true,"href":"https:\/\/mabuko.co.mz\/site\/index.php?rest_route=%2Fwp%2Fv2%2Fproduct_tag&post=4331"}],"curies":[{"name":"wp","href":"https:\/\/api.w.org\/{rel}","templated":true}]}}