{"id":4329,"date":"2022-06-27T06:57:56","date_gmt":"2022-06-27T06:57:56","guid":{"rendered":"https:\/\/mabuko.co.mz\/?post_type=product&#038;p=4329"},"modified":"2023-01-13T14:42:22","modified_gmt":"2023-01-13T14:42:22","slug":"a-primeira-vista","status":"publish","type":"product","link":"https:\/\/mabuko.co.mz\/site\/?product=a-primeira-vista","title":{"rendered":"\u00c0 Primeira Vista"},"content":{"rendered":"<p>Danielle Stell<\/p>\n<p>9789722535847<\/p>\n","protected":false},"excerpt":{"rendered":"<p><strong>SINOPSE<\/strong><\/p>\n<p>Nova Iorque. Londres. Mil\u00e3o. Paris. Fashion Week nas quatro cidades. Um m\u00eas de entrevistas intermin\u00e1veis, festas, trabalho incans\u00e1vel e aten\u00e7\u00e3o aos detalhes nos desfiles de moda semestrais. No centro da tempestade e da avalanche de trabalho est\u00e1 a americana Timmie O&#8217;Neill, cuja renomada marca, Timmie O, \u00e9 a personifica\u00e7\u00e3o do casual chic. Ela criou um neg\u00f3cio que a inspira e ocupa toda a sua vida. Apesar do \u00eaxito profissional, Timmie O\u2019Neill vive marcada pelo passado. At\u00e9 que um intrigante franc\u00eas, Jean-Charles Vernier, entra na sua vida quando ela adoece na Semana da Moda de Paris. De in\u00edcio, Timmie e Jean-Charles Vernier t\u00eam apenas uma rela\u00e7\u00e3o normal de paciente e m\u00e9dico. Com o tempo, tornam-se confidentes e amigos e, quando Timmie regressa a casa, mant\u00eam-se em contacto a uma dist\u00e2ncia segura entre Paris e Los Angeles. H\u00e1 uma boa raz\u00e3o para se manterem separados, mas nenhum consegue negar a amizade crescente e a atrac\u00e7\u00e3o que sentem quando se encontram. \u00c0 imagem e semelhan\u00e7a da pr\u00f3pria vida moderna, \u00e9 uma hist\u00f3ria complexa e atraente. Carreiras, fam\u00edlias, hist\u00f3rias, perdas, dever, obriga\u00e7\u00e3o e medo de perder o controlo. S\u00e3o dois mundos muito diferentes, duas pessoas de personalidade forte que se cruzam e que podem mudar tudo de um momento para o outro. Ser\u00e3o suficientemente corajosos para enfrentarem o que vem a seguir? E far\u00e3o isso, juntos ou separados?<\/p>\n","protected":false},"featured_media":4330,"template":"","meta":{"_monsterinsights_skip_tracking":false,"_monsterinsights_sitenote_active":false,"_monsterinsights_sitenote_note":"","_monsterinsights_sitenote_category":0},"product_cat":[103,105],"product_tag":[],"class_list":{"0":"post-4329","1":"product","2":"type-product","3":"status-publish","4":"has-post-thumbnail","6":"product_cat-literatura","7":"product_cat-romance","8":"pa_book-author-danielle-steel","10":"first","11":"outofstock","12":"shipping-taxable","13":"purchasable","14":"product-type-simple"},"_links":{"self":[{"href":"https:\/\/mabuko.co.mz\/site\/index.php?rest_route=\/wp\/v2\/product\/4329","targetHints":{"allow":["GET"]}}],"collection":[{"href":"https:\/\/mabuko.co.mz\/site\/index.php?rest_route=\/wp\/v2\/product"}],"about":[{"href":"https:\/\/mabuko.co.mz\/site\/index.php?rest_route=\/wp\/v2\/types\/product"}],"wp:featuredmedia":[{"embeddable":true,"href":"https:\/\/mabuko.co.mz\/site\/index.php?rest_route=\/wp\/v2\/media\/4330"}],"wp:attachment":[{"href":"https:\/\/mabuko.co.mz\/site\/index.php?rest_route=%2Fwp%2Fv2%2Fmedia&parent=4329"}],"wp:term":[{"taxonomy":"product_cat","embeddable":true,"href":"https:\/\/mabuko.co.mz\/site\/index.php?rest_route=%2Fwp%2Fv2%2Fproduct_cat&post=4329"},{"taxonomy":"product_tag","embeddable":true,"href":"https:\/\/mabuko.co.mz\/site\/index.php?rest_route=%2Fwp%2Fv2%2Fproduct_tag&post=4329"}],"curies":[{"name":"wp","href":"https:\/\/api.w.org\/{rel}","templated":true}]}}