{"id":4328,"date":"2022-06-27T06:43:52","date_gmt":"2022-06-27T06:43:52","guid":{"rendered":"https:\/\/mabuko.co.mz\/?post_type=product&#038;p=4328"},"modified":"2023-01-13T14:43:06","modified_gmt":"2023-01-13T14:43:06","slug":"o-velho-que-lia-romances-de-amor","status":"publish","type":"product","link":"https:\/\/mabuko.co.mz\/site\/?product=o-velho-que-lia-romances-de-amor","title":{"rendered":"O VELHO QUE LIA ROMANCES DE AMOR"},"content":{"rendered":"<p>Luis Sepulveda<\/p>\n<p>9789720041876<\/p>\n","protected":false},"excerpt":{"rendered":"<p><strong>SINOPSE<\/strong><\/p>\n<p>Antonio Jos\u00e9 Bol\u00edvar Proa\u00f1o vive em El Idilio, um lugar remoto na regi\u00e3o amaz\u00f3nica dos \u00edndios shuar, com quem aprendeu a conhecer a selva e as suas leis, a respeitar os animais que a povoam, mas tamb\u00e9m a ca\u00e7ar e descobrir os trilhos mais indecifr\u00e1veis. Um certo dia resolve come\u00e7ar a ler, com paix\u00e3o, os romances de amor que, duas vezes por ano, lhe leva o dentista Rubicundo Loacham\u00edn, para ocupar as solit\u00e1rias noites equatoriais da sua velhice anunciada. Com eles, procura alhear-se da fanfarronice est\u00fapida desses &#8220;gringos&#8221; e garimpeiros que julgam dominar a selva porque chegam armados at\u00e9 aos dentes, mas que n\u00e3o sabem enfrentar uma fera a quem mataram as crias. Descrito numa linguagem cristalina e enxuta, as aventuras e emo\u00e7\u00f5es do velho Bol\u00edvar Proa\u00f1o h\u00e1 muito conquistaram o cora\u00e7\u00e3o de milh\u00f5es de leitores em todo o mundo, transformando o romance de Luis Sep\u00falveda num &#8220;cl\u00e1ssico&#8221; da literatura latino-americana.<\/p>\n","protected":false},"featured_media":4325,"template":"","meta":{"_monsterinsights_skip_tracking":false,"_monsterinsights_sitenote_active":false,"_monsterinsights_sitenote_note":"","_monsterinsights_sitenote_category":0},"product_cat":[103,212],"product_tag":[],"class_list":{"0":"post-4328","1":"product","2":"type-product","3":"status-publish","4":"has-post-thumbnail","6":"product_cat-literatura","7":"product_cat-prosa-narrativa","8":"pa_book-author-luis-sepulveda","10":"first","11":"outofstock","12":"shipping-taxable","13":"purchasable","14":"product-type-simple"},"_links":{"self":[{"href":"https:\/\/mabuko.co.mz\/site\/index.php?rest_route=\/wp\/v2\/product\/4328","targetHints":{"allow":["GET"]}}],"collection":[{"href":"https:\/\/mabuko.co.mz\/site\/index.php?rest_route=\/wp\/v2\/product"}],"about":[{"href":"https:\/\/mabuko.co.mz\/site\/index.php?rest_route=\/wp\/v2\/types\/product"}],"wp:featuredmedia":[{"embeddable":true,"href":"https:\/\/mabuko.co.mz\/site\/index.php?rest_route=\/wp\/v2\/media\/4325"}],"wp:attachment":[{"href":"https:\/\/mabuko.co.mz\/site\/index.php?rest_route=%2Fwp%2Fv2%2Fmedia&parent=4328"}],"wp:term":[{"taxonomy":"product_cat","embeddable":true,"href":"https:\/\/mabuko.co.mz\/site\/index.php?rest_route=%2Fwp%2Fv2%2Fproduct_cat&post=4328"},{"taxonomy":"product_tag","embeddable":true,"href":"https:\/\/mabuko.co.mz\/site\/index.php?rest_route=%2Fwp%2Fv2%2Fproduct_tag&post=4328"}],"curies":[{"name":"wp","href":"https:\/\/api.w.org\/{rel}","templated":true}]}}