{"id":4316,"date":"2022-06-24T14:17:11","date_gmt":"2022-06-24T14:17:11","guid":{"rendered":"https:\/\/mabuko.co.mz\/?post_type=product&#038;p=4316"},"modified":"2023-02-14T12:57:16","modified_gmt":"2023-02-14T12:57:16","slug":"origem","status":"publish","type":"product","link":"https:\/\/mabuko.co.mz\/site\/?product=origem","title":{"rendered":"ORIGEM"},"content":{"rendered":"<p>Dan Brown<\/p>\n<p>9789722534208<\/p>\n","protected":false},"excerpt":{"rendered":"<p><strong>SINOPSE<\/strong><\/p>\n<p>Bilbau, Espanha.<br \/>\nRobert Langdon, professor de simbologia e iconologia religiosa da universidade de Harvard, chega ao ultramoderno Museu Guggenheim de Bilbau para assistir a um grandioso an\u00fancio: a revela\u00e7\u00e3o da descoberta que \u00abmudar\u00e1 para sempre o rosto da ci\u00eancia.\u00bb O anfitri\u00e3o dessa noite \u00e9 Edmond Kirsch, bilion\u00e1rio e futurista de quarenta e dois anos cujas espantosas inven\u00e7\u00f5es de alta tecnologia e audazes previs\u00f5es fizeram dele uma figura de renome a n\u00edvel global.<\/p>\n<p>Kirsch, um dos primeiros alunos de Langdon em Harvard, duas d\u00e9cadas atr\u00e1s, est\u00e1 prestes a revelar um incr\u00edvel avan\u00e7o cient\u00edfico\u2026 que ir\u00e1 responder a duas das perguntas mais fundamentais da exist\u00eancia humana. No in\u00edcio da noite, Langdon e v\u00e1rias centenas de outros convidados ficam fascinados com a apresenta\u00e7\u00e3o t\u00e3o original de Kirsch, e Langdon percebe que o an\u00fancio do amigo ser\u00e1 muito mais controverso do que ele imaginava. Mas aquela noite t\u00e3o meticulosamente orquestrada n\u00e3o tardar\u00e1 a transformar-se num caos e a preciosa descoberta do futurista pode muito bem estar em vias de se perder para sempre.<\/p>\n<p>Em pleno turbilh\u00e3o de emo\u00e7\u00f5es e em perigo iminente, Langdon tenta desesperadamente fugir de Bilbau. Tem ao seu lado Ambra Vidal, a elegante diretora do Guggenheim que trabalhou com Kirsch na organiza\u00e7\u00e3o daquele provocador evento. Juntos, fogem para Barcelona, com a perigosa miss\u00e3o de localizarem a palavra-passe que os ajudar\u00e1 a desvendar o segredo de Kirsch.<\/p>\n<p>Percorrendo os escuros corredores de hist\u00f3ria oculta e religi\u00e3o extremista, Langdon e Vidal t\u00eam de fugir de um inimigo atormentado que parece tudo saber e que parece at\u00e9 de alguma forma relacionado com o Pal\u00e1cio Real de Espanha\u2026 e que far\u00e1 qualquer coisa para silenciar para sempre Edmond Kirsch.<\/p>\n<p>Numa viagem marcada pela arte moderna e por s\u00edmbolos enigm\u00e1ticos, Langdon e Vidal v\u00e3o descobrindo as pistas que acabar\u00e3o por conduzi-los \u00e0 chocante descoberta de Kirsch\u2026 e a uma verdade que at\u00e9 ent\u00e3o nos tem escapado e que nos deixar\u00e1 sem f\u00f4lego.<\/p>\n","protected":false},"featured_media":4317,"template":"","meta":{"_monsterinsights_skip_tracking":false,"_monsterinsights_sitenote_active":false,"_monsterinsights_sitenote_note":"","_monsterinsights_sitenote_category":0},"product_cat":[103,131],"product_tag":[],"class_list":{"0":"post-4316","1":"product","2":"type-product","3":"status-publish","4":"has-post-thumbnail","6":"product_cat-literatura","7":"product_cat-thriller","8":"pa_book-author-dan-brown","10":"first","11":"outofstock","12":"shipping-taxable","13":"purchasable","14":"product-type-simple"},"_links":{"self":[{"href":"https:\/\/mabuko.co.mz\/site\/index.php?rest_route=\/wp\/v2\/product\/4316","targetHints":{"allow":["GET"]}}],"collection":[{"href":"https:\/\/mabuko.co.mz\/site\/index.php?rest_route=\/wp\/v2\/product"}],"about":[{"href":"https:\/\/mabuko.co.mz\/site\/index.php?rest_route=\/wp\/v2\/types\/product"}],"wp:featuredmedia":[{"embeddable":true,"href":"https:\/\/mabuko.co.mz\/site\/index.php?rest_route=\/wp\/v2\/media\/4317"}],"wp:attachment":[{"href":"https:\/\/mabuko.co.mz\/site\/index.php?rest_route=%2Fwp%2Fv2%2Fmedia&parent=4316"}],"wp:term":[{"taxonomy":"product_cat","embeddable":true,"href":"https:\/\/mabuko.co.mz\/site\/index.php?rest_route=%2Fwp%2Fv2%2Fproduct_cat&post=4316"},{"taxonomy":"product_tag","embeddable":true,"href":"https:\/\/mabuko.co.mz\/site\/index.php?rest_route=%2Fwp%2Fv2%2Fproduct_tag&post=4316"}],"curies":[{"name":"wp","href":"https:\/\/api.w.org\/{rel}","templated":true}]}}