{"id":4310,"date":"2022-06-24T13:51:15","date_gmt":"2022-06-24T13:51:15","guid":{"rendered":"https:\/\/mabuko.co.mz\/?post_type=product&#038;p=4310"},"modified":"2023-01-13T14:45:26","modified_gmt":"2023-01-13T14:45:26","slug":"por-que-sera-que-todas-arranjam-namorado-menos-eu","status":"publish","type":"product","link":"https:\/\/mabuko.co.mz\/site\/?product=por-que-sera-que-todas-arranjam-namorado-menos-eu","title":{"rendered":"POR QUE SER\u00c1 QUE TODAS ARRANJAM NAMORADO MENOS EU?"},"content":{"rendered":"<p>Karen McCombie<\/p>\n<p>9789722331999<\/p>\n","protected":false},"excerpt":{"rendered":"<div id=\"productPageSectionAboutBook-sinopseTitle\" class=\"right-title\"><strong>SINOPSE<\/strong><\/div>\n<div id=\"productPageSectionAboutBook-sinopse\" class=\"right-text\">\n<p>Quando o assunto \u00e9 romance, Ally n\u00e3o consegue parar de fantasiar. \u00abAquele Primeiro Beijo\u00bb \u00e9 a sua fantasia preferida, e o her\u00f3i?, bom, o her\u00f3i vai variando ao sabor do seu cora\u00e7\u00e3o. Mas, o eleito do momento \u00e9 Alfie, o pr\u00edncipe dos cabelos louros. S\u00f3 que, quando Ally aterra na dura realidade acontece o pior &#8211; o pr\u00edncipe continua lindo e ela\u2026 bom, n\u00e3o se transformou num sapo, mas a verdade \u00e9 que quando est\u00e1 ao p\u00e9 dele fica t\u00e3o apalermada que quase parece um! E o maroto do Cupido tamb\u00e9m n\u00e3o se disp\u00f5e a ajud\u00e1-la!<\/p>\n<\/div>\n","protected":false},"featured_media":4312,"template":"","meta":{"_monsterinsights_skip_tracking":false,"_monsterinsights_sitenote_active":false,"_monsterinsights_sitenote_note":"","_monsterinsights_sitenote_category":0},"product_cat":[135],"product_tag":[],"class_list":{"0":"post-4310","1":"product","2":"type-product","3":"status-publish","4":"has-post-thumbnail","6":"product_cat-infantil","7":"pa_book-author-karen-mccombie","9":"first","10":"outofstock","11":"shipping-taxable","12":"purchasable","13":"product-type-simple"},"_links":{"self":[{"href":"https:\/\/mabuko.co.mz\/site\/index.php?rest_route=\/wp\/v2\/product\/4310","targetHints":{"allow":["GET"]}}],"collection":[{"href":"https:\/\/mabuko.co.mz\/site\/index.php?rest_route=\/wp\/v2\/product"}],"about":[{"href":"https:\/\/mabuko.co.mz\/site\/index.php?rest_route=\/wp\/v2\/types\/product"}],"wp:featuredmedia":[{"embeddable":true,"href":"https:\/\/mabuko.co.mz\/site\/index.php?rest_route=\/wp\/v2\/media\/4312"}],"wp:attachment":[{"href":"https:\/\/mabuko.co.mz\/site\/index.php?rest_route=%2Fwp%2Fv2%2Fmedia&parent=4310"}],"wp:term":[{"taxonomy":"product_cat","embeddable":true,"href":"https:\/\/mabuko.co.mz\/site\/index.php?rest_route=%2Fwp%2Fv2%2Fproduct_cat&post=4310"},{"taxonomy":"product_tag","embeddable":true,"href":"https:\/\/mabuko.co.mz\/site\/index.php?rest_route=%2Fwp%2Fv2%2Fproduct_tag&post=4310"}],"curies":[{"name":"wp","href":"https:\/\/api.w.org\/{rel}","templated":true}]}}