{"id":4306,"date":"2022-06-24T12:44:28","date_gmt":"2022-06-24T12:44:28","guid":{"rendered":"https:\/\/mabuko.co.mz\/?post_type=product&#038;p=4306"},"modified":"2022-12-20T14:29:40","modified_gmt":"2022-12-20T14:29:40","slug":"um-bom-partido-iii","status":"publish","type":"product","link":"https:\/\/mabuko.co.mz\/site\/?product=um-bom-partido-iii","title":{"rendered":"UM BOM PARTIDO III"},"content":{"rendered":"<p>Vikram Seth<\/p>\n<p>9789722329361<\/p>\n<p>&nbsp;<\/p>\n","protected":false},"excerpt":{"rendered":"<section id=\"product_about\" class=\"col-xs-12\">\n<div id=\"productPageSectionAboutBook\" class=\"col-xs-12 section\">\n<div id=\"productPageSectionAboutBook-collapseSobreLivro\" class=\"col-xs-12 col-lg-8 right-side collapse\">\n<div class=\"wells\">\n<div id=\"productPageSectionAboutBook-sinopseTitle\" class=\"right-title\">SINOPSE<\/div>\n<div id=\"productPageSectionAboutBook-sinopse\" class=\"right-text\">\n<p>Este terceiro volume conclui uma esplendorosa viagem pela \u00cdndia p\u00f3s-colonial. Nehru mant\u00e9m-se no poder apesar do dif\u00edcil entendimento entre as v\u00e1rias for\u00e7as pol\u00edticas, o pa\u00eds procura afirmar-se como uma moderna sociedade democr\u00e1tica com identidade pr\u00f3pria. Por outro lado, as mulheres participam mais activamente na vida social, para al\u00e9m da ac\u00e7\u00e3o no contexto familiar. Na sua qualidade de saga, assistimos \u00e0 recomposi\u00e7\u00e3o das quatro emblem\u00e1ticas fam\u00edlias \u2013 Mehra, Kapoor, Khan e Chatterji -, onde se cristalizam os reflexos e muta\u00e7\u00f5es inerentes ao mundo em que vivem. Um romance poderoso e inteligente que traz \u00e0 tona a complexidade dos v\u00e1rios sentimentos humanos. Um final a n\u00e3o perder.<\/p>\n<\/div>\n<\/div>\n<\/div>\n<\/div>\n<\/section>\n<section id=\"product_detail\" class=\"col-xs-12\">\n<div id=\"productPageSectionDetails\" class=\"col-xs-12 section\">\n<div><strong>SINOPSE<\/strong><\/div>\n<div>Este terceiro volume conclui uma esplendorosa viagem pela \u00cdndia p\u00f3s-colonial. Nehru mant\u00e9m-se no poder apesar do dif\u00edcil entendimento entre as v\u00e1rias for\u00e7as pol\u00edticas, o pa\u00eds procura afirmar-se como uma moderna sociedade democr\u00e1tica com identidade pr\u00f3pria. Por outro lado, as mulheres participam mais activamente na vida social, para al\u00e9m da ac\u00e7\u00e3o no contexto familiar. Na sua qualidade de saga, assistimos \u00e0 recomposi\u00e7\u00e3o das quatro emblem\u00e1ticas fam\u00edlias \u2013 Mehra, Kapoor, Khan e Chatterji -, onde se cristalizam os reflexos e muta\u00e7\u00f5es inerentes ao mundo em que vivem. Um romance poderoso e inteligente que traz \u00e0 tona a complexidade dos v\u00e1rios sentimentos humanos. Um final a n\u00e3o perder<\/div>\n<\/div>\n<\/section>\n","protected":false},"featured_media":4347,"template":"","meta":{"_monsterinsights_skip_tracking":false,"_monsterinsights_sitenote_active":false,"_monsterinsights_sitenote_note":"","_monsterinsights_sitenote_category":0},"product_cat":[103,105],"product_tag":[],"class_list":{"0":"post-4306","1":"product","2":"type-product","3":"status-publish","4":"has-post-thumbnail","6":"product_cat-literatura","7":"product_cat-romance","8":"pa_book-author-vikram-seth","10":"first","11":"instock","12":"shipping-taxable","13":"purchasable","14":"product-type-simple"},"_links":{"self":[{"href":"https:\/\/mabuko.co.mz\/site\/index.php?rest_route=\/wp\/v2\/product\/4306","targetHints":{"allow":["GET"]}}],"collection":[{"href":"https:\/\/mabuko.co.mz\/site\/index.php?rest_route=\/wp\/v2\/product"}],"about":[{"href":"https:\/\/mabuko.co.mz\/site\/index.php?rest_route=\/wp\/v2\/types\/product"}],"wp:featuredmedia":[{"embeddable":true,"href":"https:\/\/mabuko.co.mz\/site\/index.php?rest_route=\/wp\/v2\/media\/4347"}],"wp:attachment":[{"href":"https:\/\/mabuko.co.mz\/site\/index.php?rest_route=%2Fwp%2Fv2%2Fmedia&parent=4306"}],"wp:term":[{"taxonomy":"product_cat","embeddable":true,"href":"https:\/\/mabuko.co.mz\/site\/index.php?rest_route=%2Fwp%2Fv2%2Fproduct_cat&post=4306"},{"taxonomy":"product_tag","embeddable":true,"href":"https:\/\/mabuko.co.mz\/site\/index.php?rest_route=%2Fwp%2Fv2%2Fproduct_tag&post=4306"}],"curies":[{"name":"wp","href":"https:\/\/api.w.org\/{rel}","templated":true}]}}