{"id":4301,"date":"2022-06-24T12:30:08","date_gmt":"2022-06-24T12:30:08","guid":{"rendered":"https:\/\/mabuko.co.mz\/?post_type=product&#038;p=4301"},"modified":"2023-01-13T14:23:19","modified_gmt":"2023-01-13T14:23:19","slug":"por-favor-nao-me-tirem-a-minha-bebe","status":"publish","type":"product","link":"https:\/\/mabuko.co.mz\/site\/?product=por-favor-nao-me-tirem-a-minha-bebe","title":{"rendered":"POR FAVOR, N\u00c3O ME TIREM A MINHA BEB\u00c9"},"content":{"rendered":"<p>Cathy Glass<\/p>\n<p>9789722354172<\/p>\n","protected":false},"excerpt":{"rendered":"<div id=\"productPageSectionAboutBook-sinopseTitle\" class=\"right-title\">\n<div id=\"productPageSectionAboutBook-sinopseTitle\" class=\"right-title\"><strong>SINOPSE<\/strong><\/div>\n<div id=\"productPageSectionAboutBook-sinopse\" class=\"right-text\">\n<p>Cathy Glass nunca tinha acolhido uma adolescente gr\u00e1vida. Estes casos, no Reino Unido, s\u00e3o geralmente acompanhados por cuidadores especializados, no entanto, quando, numa situa\u00e7\u00e3o de emerg\u00eancia, a colocam em contacto com a problem\u00e1tica Jade, Cathy acaba por aceitar o desafio de receb\u00ea-la em sua casa. Por\u00e9m, o comportamento de Jade revela-se muito pouco consistente com o de uma futura m\u00e3e que pretende, como afirma, responsabilizar-se pelo beb\u00e9 que vai ter. E pouco depois de ter dado \u00e0 luz uma menina saud\u00e1vel, acaba por arranjar problemas com a pol\u00edcia. Cathy tenta aconselh\u00e1-la, mas os seus esfor\u00e7os pouca receptividade encontram na adolescente. Cathy sabe que os servi\u00e7os sociais est\u00e3o a avaliar a capacidade de Jade para se ocupar da filha, e o que mais receia parece estar em vias de se concretizar: tirar-lhe a crian\u00e7a e coloc\u00e1-la para adop\u00e7\u00e3o. Como evitar aquele desenlace sendo ela t\u00e3o emocionalmente imatura? Ser\u00e1 Cathy capaz de despertar em Jade a consci\u00eancia do muito que ela tem a perder?<\/p>\n<\/div>\n<\/div>\n","protected":false},"featured_media":4305,"template":"","meta":{"_monsterinsights_skip_tracking":false,"_monsterinsights_sitenote_active":false,"_monsterinsights_sitenote_note":"","_monsterinsights_sitenote_category":0},"product_cat":[103],"product_tag":[],"class_list":{"0":"post-4301","1":"product","2":"type-product","3":"status-publish","4":"has-post-thumbnail","6":"product_cat-literatura","7":"pa_book-author-cathy-glass","9":"first","10":"outofstock","11":"shipping-taxable","12":"purchasable","13":"product-type-simple"},"_links":{"self":[{"href":"https:\/\/mabuko.co.mz\/site\/index.php?rest_route=\/wp\/v2\/product\/4301","targetHints":{"allow":["GET"]}}],"collection":[{"href":"https:\/\/mabuko.co.mz\/site\/index.php?rest_route=\/wp\/v2\/product"}],"about":[{"href":"https:\/\/mabuko.co.mz\/site\/index.php?rest_route=\/wp\/v2\/types\/product"}],"wp:featuredmedia":[{"embeddable":true,"href":"https:\/\/mabuko.co.mz\/site\/index.php?rest_route=\/wp\/v2\/media\/4305"}],"wp:attachment":[{"href":"https:\/\/mabuko.co.mz\/site\/index.php?rest_route=%2Fwp%2Fv2%2Fmedia&parent=4301"}],"wp:term":[{"taxonomy":"product_cat","embeddable":true,"href":"https:\/\/mabuko.co.mz\/site\/index.php?rest_route=%2Fwp%2Fv2%2Fproduct_cat&post=4301"},{"taxonomy":"product_tag","embeddable":true,"href":"https:\/\/mabuko.co.mz\/site\/index.php?rest_route=%2Fwp%2Fv2%2Fproduct_tag&post=4301"}],"curies":[{"name":"wp","href":"https:\/\/api.w.org\/{rel}","templated":true}]}}